{"id":10557,"date":"2023-05-30T19:46:56","date_gmt":"2023-05-30T17:46:56","guid":{"rendered":"https:\/\/www.ttf.at\/cms\/?page_id=10557"},"modified":"2024-04-02T11:32:44","modified_gmt":"2024-04-02T09:32:44","slug":"easy-slider-2","status":"publish","type":"page","link":"https:\/\/www.ttf.at\/cms\/easy-slider-2\/","title":{"rendered":"Terrassen- und Lamellend\u00e4cher"},"content":{"rendered":"\n<style type=\"text\/css\" data-created_by=\"avia_inline_auto\" id=\"style-css-av-liakoiz2-21ade0d106f74b406a86e09705face60\">\n.avia-section.av-liakoiz2-21ade0d106f74b406a86e09705face60{\nbackground-color:#4f4f4f;\nbackground-image:unset;\n}\n<\/style>\n<div id='av_section_1'  class='avia-section av-liakoiz2-21ade0d106f74b406a86e09705face60 main_color avia-section-default avia-no-border-styling  avia-builder-el-0  el_before_av_section  avia-builder-el-first  avia-bg-style-scroll container_wrap fullsize'  ><div class='container av-section-cont-open' ><main  role=\"main\" itemprop=\"mainContentOfPage\"  class='template-page content  av-content-full alpha units'><div class='post-entry post-entry-type-page post-entry-10557'><div class='entry-content-wrapper clearfix'>\n\n<style type=\"text\/css\" data-created_by=\"avia_inline_auto\" id=\"style-css-av-liakr48k-4ccca05e57abc932d22a366d39dbf0ee\">\n#top .av-special-heading.av-liakr48k-4ccca05e57abc932d22a366d39dbf0ee{\npadding-bottom:10px;\ncolor:#ffffff;\n}\nbody .av-special-heading.av-liakr48k-4ccca05e57abc932d22a366d39dbf0ee .av-special-heading-tag .heading-char{\nfont-size:25px;\n}\n.av-special-heading.av-liakr48k-4ccca05e57abc932d22a366d39dbf0ee .special-heading-inner-border{\nborder-color:#ffffff;\n}\n.av-special-heading.av-liakr48k-4ccca05e57abc932d22a366d39dbf0ee .av-subheading{\nfont-size:15px;\n}\n<\/style>\n<div  class='av-special-heading av-liakr48k-4ccca05e57abc932d22a366d39dbf0ee av-special-heading-h2 custom-color-heading blockquote modern-quote  avia-builder-el-1  el_before_av_heading  avia-builder-el-first '><h2 class='av-special-heading-tag '  itemprop=\"headline\"  >BESTENS DURCHDACHT, STILVOLL \u00dcBERDACHT!<\/h2><div class=\"special-heading-border\"><div class=\"special-heading-inner-border\"><\/div><\/div><\/div>\n\n\n<style type=\"text\/css\" data-created_by=\"avia_inline_auto\" id=\"style-css-av-qde1dp-419a6c1811fc72dad782caa1e4b0c174\">\n#top .av_textblock_section.av-qde1dp-419a6c1811fc72dad782caa1e4b0c174 .avia_textblock{\ncolor:#ffffff;\n}\n<\/style>\n<section  class='av_textblock_section av-qde1dp-419a6c1811fc72dad782caa1e4b0c174 '   itemscope=\"itemscope\" itemtype=\"https:\/\/schema.org\/CreativeWork\" ><div class='avia_textblock av_inherit_color'  itemprop=\"text\" ><p>Wir machen jedes Outdoorprojekt exklusiv und einzigartig. Entdecken Sie die vielf\u00e4ltigen M\u00f6glichkeiten unserer Outdoor Systeme und verwandeln Sie Ihren Au\u00dfenbereich in einen Ort der Entspannung und des Genusses.<\/p>\n<\/div><\/section>\n<div  class='hr av-vg3yxp-2c5564100e39c091d479459a46e69e4d hr-default  avia-builder-el-4  el_after_av_textblock  el_before_av_video '><span class='hr-inner '><span class=\"hr-inner-style\"><\/span><\/span><\/div>\n<div  class='avia-video av-liakpr85-7b29600cf115803803bfb0180f7ce987 avia-video-16-9 av-no-preview-image avia-video-load-always avia-video-html5'  itemprop=\"video\" itemtype=\"https:\/\/schema.org\/VideoObject\"  data-original_url='http:\/\/www.ttf.at\/cms\/wp-content\/uploads\/2023\/05\/PERGOMOVE-15.mp4'><video class='avia_video'    preload=\"auto\"  controls id='player_10557_1904990403_7415984'><source src='http:\/\/www.ttf.at\/cms\/wp-content\/uploads\/2023\/05\/PERGOMOVE-15.mp4' type='video\/mp4' \/><\/video><\/div>\n\n<\/div><\/div><\/main><!-- close content main element --><\/div><\/div>\n<style type=\"text\/css\" data-created_by=\"avia_inline_auto\" id=\"style-css-av-lu6on7y4-8ae361663068b2ec3b5a071f64c5cddf\">\n.avia-section.av-lu6on7y4-8ae361663068b2ec3b5a071f64c5cddf{\nbackground-color:rgba(198,190,180,0.96);\nbackground-image:unset;\n}\n<\/style>\n<div id='av_section_2'  class='avia-section av-lu6on7y4-8ae361663068b2ec3b5a071f64c5cddf main_color avia-section-default avia-no-border-styling  avia-builder-el-6  el_after_av_section  el_before_av_hr  avia-bg-style-scroll container_wrap fullsize'  ><div class='container av-section-cont-open' ><div class='template-page content  av-content-full alpha units'><div class='post-entry post-entry-type-page post-entry-10557'><div class='entry-content-wrapper clearfix'>\n<div  class='flex_column av-3h8f1dp-ffe1412d4f75c9f6d4f56cb2ba170c04 av_one_half  avia-builder-el-7  el_before_av_one_half  avia-builder-el-first  first flex_column_div  '     ><style type=\"text\/css\" data-created_by=\"avia_inline_auto\" id=\"style-css-av-lu6oick4-b05c7ffa9cdd6aa6b944b25480a55e4f\">\n.avia-image-container.av-lu6oick4-b05c7ffa9cdd6aa6b944b25480a55e4f img.avia_image{\nbox-shadow:none;\n}\n.avia-image-container.av-lu6oick4-b05c7ffa9cdd6aa6b944b25480a55e4f .av-image-caption-overlay-center{\ncolor:#ffffff;\n}\n<\/style>\n<div  class='avia-image-container av-lu6oick4-b05c7ffa9cdd6aa6b944b25480a55e4f av-styling- avia-align-center  avia-builder-el-8  avia-builder-el-no-sibling '   itemprop=\"image\" itemscope=\"itemscope\" itemtype=\"https:\/\/schema.org\/ImageObject\" ><div class=\"avia-image-container-inner\"><div class=\"avia-image-overlay-wrap\"><img decoding=\"async\" fetchpriority=\"high\" class='wp-image-11426 avia-img-lazy-loading-not-11426 avia_image ' src=\"https:\/\/www.ttf.at\/cms\/wp-content\/uploads\/2024\/03\/Pergola_01_N.jpg\" alt='' title='Lamellendach'  height=\"900\" width=\"1273\"  itemprop=\"thumbnailUrl\" srcset=\"https:\/\/www.ttf.at\/cms\/wp-content\/uploads\/2024\/03\/Pergola_01_N.jpg 1273w, https:\/\/www.ttf.at\/cms\/wp-content\/uploads\/2024\/03\/Pergola_01_N-300x212.jpg 300w, https:\/\/www.ttf.at\/cms\/wp-content\/uploads\/2024\/03\/Pergola_01_N-1030x728.jpg 1030w, https:\/\/www.ttf.at\/cms\/wp-content\/uploads\/2024\/03\/Pergola_01_N-768x543.jpg 768w, https:\/\/www.ttf.at\/cms\/wp-content\/uploads\/2024\/03\/Pergola_01_N-260x185.jpg 260w, https:\/\/www.ttf.at\/cms\/wp-content\/uploads\/2024\/03\/Pergola_01_N-705x498.jpg 705w\" sizes=\"(max-width: 1273px) 100vw, 1273px\" \/><\/div><\/div><\/div><\/div><div  class='flex_column av-o5uiyl-0dfa01c543028742abf5f46a4732f844 av_one_half  avia-builder-el-9  el_after_av_one_half  el_before_av_one_half  flex_column_div  '     ><p><div  class='hr av-duzm8t-0ab866f836d0d6e4ce974d7ad007cf6a hr-default  avia-builder-el-10  el_before_av_textblock  avia-builder-el-first '><span class='hr-inner '><span class=\"hr-inner-style\"><\/span><\/span><\/div><br \/>\n\n<style type=\"text\/css\" data-created_by=\"avia_inline_auto\" id=\"style-css-av-lu2jkb9d-1ef6fd898c301a0867f566e5ab3b5048\">\n#top .av_textblock_section.av-lu2jkb9d-1ef6fd898c301a0867f566e5ab3b5048 .avia_textblock{\ncolor:#ffffff;\n}\n<\/style>\n<section  class='av_textblock_section av-lu2jkb9d-1ef6fd898c301a0867f566e5ab3b5048 '   itemscope=\"itemscope\" itemtype=\"https:\/\/schema.org\/CreativeWork\" ><div class='avia_textblock av_inherit_color'  itemprop=\"text\" ><h2>Ihre Lamellend\u00e4cher<\/h2>\n<\/div><\/section><br \/>\n\n<style type=\"text\/css\" data-created_by=\"avia_inline_auto\" id=\"style-css-av-lu1amjdo-9246ddf71237cce6cdc33a8e09683b2d\">\n#top .av_textblock_section.av-lu1amjdo-9246ddf71237cce6cdc33a8e09683b2d .avia_textblock{\ncolor:#ffffff;\n}\n<\/style>\n<section  class='av_textblock_section av-lu1amjdo-9246ddf71237cce6cdc33a8e09683b2d '   itemscope=\"itemscope\" itemtype=\"https:\/\/schema.org\/CreativeWork\" ><div class='avia_textblock av_inherit_color'  itemprop=\"text\" ><p>Mit unserem revolution\u00e4ren Aluminiumlamellen System von BT, lassen sich verschiedenste Pergolal\u00f6sungen realisieren. Unsere Lamellend\u00e4cher zeichnen sich durch ihre erstklassige Qualit\u00e4t, ihre innovative Technologie und ihr ansprechendes Design aus. Die verstellbaren Lamellen erm\u00f6glichen es Ihnen, das nat\u00fcrliche Licht und die Bel\u00fcftung nach Ihren W\u00fcnschen zu steuern.<\/p>\n<\/div><\/section><br \/>\n<div  class='hr av-2hpo8al-1ef19fce5a955da213953a89527cebc8 hr-default  avia-builder-el-13  el_after_av_textblock  avia-builder-el-last '><span class='hr-inner '><span class=\"hr-inner-style\"><\/span><\/span><\/div><\/p><\/div><div  class='flex_column av-1990cf1-7217bcc5c170b3ab5c2e4f11afccc637 av_one_half  avia-builder-el-14  el_after_av_one_half  el_before_av_one_half  first flex_column_div  column-top-margin'     ><p><div  class='hr av-226ocf1-e8f6183152a1e0d0c1f4752b3d53e47c hr-default  avia-builder-el-15  el_before_av_hr  avia-builder-el-first '><span class='hr-inner '><span class=\"hr-inner-style\"><\/span><\/span><\/div><br \/>\n<div  class='hr av-1qj8gql-c0707406ff9a01e1c302cdceafd19b4c hr-default  avia-builder-el-16  el_after_av_hr  el_before_av_textblock '><span class='hr-inner '><span class=\"hr-inner-style\"><\/span><\/span><\/div><br \/>\n\n<style type=\"text\/css\" data-created_by=\"avia_inline_auto\" id=\"style-css-av-lu6ohboj-ab1a9b3cd40b696747e4b21ba7802809\">\n#top .av_textblock_section.av-lu6ohboj-ab1a9b3cd40b696747e4b21ba7802809 .avia_textblock{\ncolor:#ffffff;\n}\n<\/style>\n<section  class='av_textblock_section av-lu6ohboj-ab1a9b3cd40b696747e4b21ba7802809 '   itemscope=\"itemscope\" itemtype=\"https:\/\/schema.org\/CreativeWork\" ><div class='avia_textblock av_inherit_color'  itemprop=\"text\" ><p>An sonnigen Tagen k\u00f6nnen Sie die Lamellen \u00f6ffnen, um die wohltuende W\u00e4rme der Sonne zu genie\u00dfen, w\u00e4hrend Sie an hei\u00dfen Tagen f\u00fcr angenehmen Schatten sorgen k\u00f6nnen. Bei Regen oder starkem Wind schlie\u00dfen Sie einfach die Lamellen, und genie\u00dfen Ihren Schutz im Freien!<\/p>\n<\/div><\/section><br \/>\n<div  class='hr av-11m4if1-79d4d323ec438358ec2634b4d59fbd90 hr-default  avia-builder-el-18  el_after_av_textblock  el_before_av_hr '><span class='hr-inner '><span class=\"hr-inner-style\"><\/span><\/span><\/div><br \/>\n<div  class='hr av-j01525-afdeb80cc61e7d746e39aa0ee2e91787 hr-default  avia-builder-el-19  el_after_av_hr  avia-builder-el-last '><span class='hr-inner '><span class=\"hr-inner-style\"><\/span><\/span><\/div><\/p><\/div><div  class='flex_column av-o6fykd-0eb70a21936bec14a23261e1d7c9aaa3 av_one_half  avia-builder-el-20  el_after_av_one_half  avia-builder-el-last  flex_column_div  column-top-margin'     ><style type=\"text\/css\" data-created_by=\"avia_inline_auto\" id=\"style-css-av-lu6oj8z8-2b4e7d54e8ed97988e5e365d33bf8df0\">\n.avia-image-container.av-lu6oj8z8-2b4e7d54e8ed97988e5e365d33bf8df0 img.avia_image{\nbox-shadow:none;\n}\n.avia-image-container.av-lu6oj8z8-2b4e7d54e8ed97988e5e365d33bf8df0 .av-image-caption-overlay-center{\ncolor:#ffffff;\n}\n<\/style>\n<div  class='avia-image-container av-lu6oj8z8-2b4e7d54e8ed97988e5e365d33bf8df0 av-styling- avia-align-center  avia-builder-el-21  avia-builder-el-no-sibling '   itemprop=\"image\" itemscope=\"itemscope\" itemtype=\"https:\/\/schema.org\/ImageObject\" ><div class=\"avia-image-container-inner\"><div class=\"avia-image-overlay-wrap\"><img decoding=\"async\" fetchpriority=\"high\" class='wp-image-11492 avia-img-lazy-loading-not-11492 avia_image ' src=\"https:\/\/www.ttf.at\/cms\/wp-content\/uploads\/2024\/03\/R600-PERGOKLIMA-9.jpg\" alt='' title='Lamellendach'  height=\"900\" width=\"1352\"  itemprop=\"thumbnailUrl\" srcset=\"https:\/\/www.ttf.at\/cms\/wp-content\/uploads\/2024\/03\/R600-PERGOKLIMA-9.jpg 1352w, https:\/\/www.ttf.at\/cms\/wp-content\/uploads\/2024\/03\/R600-PERGOKLIMA-9-300x200.jpg 300w, https:\/\/www.ttf.at\/cms\/wp-content\/uploads\/2024\/03\/R600-PERGOKLIMA-9-1030x686.jpg 1030w, https:\/\/www.ttf.at\/cms\/wp-content\/uploads\/2024\/03\/R600-PERGOKLIMA-9-768x511.jpg 768w, https:\/\/www.ttf.at\/cms\/wp-content\/uploads\/2024\/03\/R600-PERGOKLIMA-9-705x469.jpg 705w\" sizes=\"(max-width: 1352px) 100vw, 1352px\" \/><\/div><\/div><\/div><\/div><\/div><\/div><\/div><!-- close content main div --><\/div><\/div><div id='after_section_2'  class='main_color av_default_container_wrap container_wrap fullsize'  ><div class='container av-section-cont-open' ><div class='template-page content  av-content-full alpha units'><div class='post-entry post-entry-type-page post-entry-10557'><div class='entry-content-wrapper clearfix'><div  class='hr av-1021h8d-9e5e10d824d51776a2b5c0da1b36740a hr-default  avia-builder-el-22  el_after_av_section  el_before_av_section  avia-builder-el-no-sibling '><span class='hr-inner '><span class=\"hr-inner-style\"><\/span><\/span><\/div><\/p>\n<\/div><\/div><\/div><!-- close content main div --><\/div><\/div>\n<style type=\"text\/css\" data-created_by=\"avia_inline_auto\" id=\"style-css-av-lu6oyeq6-41f04ba5eeae14ea7b9d2b360e55c9a9\">\n.avia-section.av-lu6oyeq6-41f04ba5eeae14ea7b9d2b360e55c9a9{\nbackground-color:#4f4f4f;\nbackground-image:unset;\n}\n<\/style>\n<div id='av_section_3'  class='avia-section av-lu6oyeq6-41f04ba5eeae14ea7b9d2b360e55c9a9 main_color avia-section-default avia-no-border-styling  avia-builder-el-23  el_after_av_hr  avia-builder-el-last  avia-bg-style-scroll container_wrap fullsize'  ><div class='container av-section-cont-open' ><div class='template-page content  av-content-full alpha units'><div class='post-entry post-entry-type-page post-entry-10557'><div class='entry-content-wrapper clearfix'>\n<div  class='flex_column av-lu1biasc-bc02159e0659e4aa384680572a4a0840 av_one_half  avia-builder-el-24  el_before_av_one_half  avia-builder-el-first  first flex_column_div  '     ><p><div  class='hr av-2w65dbx-e44de11dc33454f9c0d6d3b8ed1fb45e hr-default  avia-builder-el-25  el_before_av_textblock  avia-builder-el-first '><span class='hr-inner '><span class=\"hr-inner-style\"><\/span><\/span><\/div><br \/>\n\n<style type=\"text\/css\" data-created_by=\"avia_inline_auto\" id=\"style-css-av-lu1butbp-cef33b888a378b4693d057325ab37c88\">\n#top .av_textblock_section.av-lu1butbp-cef33b888a378b4693d057325ab37c88 .avia_textblock{\ncolor:#ffffff;\n}\n<\/style>\n<section  class='av_textblock_section av-lu1butbp-cef33b888a378b4693d057325ab37c88 '   itemscope=\"itemscope\" itemtype=\"https:\/\/schema.org\/CreativeWork\" ><div class='avia_textblock av_inherit_color'  itemprop=\"text\" ><h2>Ihre<strong> Terrassend\u00e4cher<\/strong><\/h2>\n<\/div><\/section><br \/>\n\n<style type=\"text\/css\" data-created_by=\"avia_inline_auto\" id=\"style-css-av-lu1bir80-a23f6876f0f1ec73c621a73d17010e3a\">\n#top .av_textblock_section.av-lu1bir80-a23f6876f0f1ec73c621a73d17010e3a .avia_textblock{\ncolor:#ffffff;\n}\n<\/style>\n<section  class='av_textblock_section av-lu1bir80-a23f6876f0f1ec73c621a73d17010e3a '   itemscope=\"itemscope\" itemtype=\"https:\/\/schema.org\/CreativeWork\" ><div class='avia_textblock av_inherit_color'  itemprop=\"text\" ><p>Tr\u00e4umen Sie von gem\u00fctlichen Abenden im Freien, gesch\u00fctzt vor den Launen des Wetters? Unsere exklusiven Terrassend\u00e4cher bieten Ihnen die perfekte L\u00f6sung, um Ihren Au\u00dfenbereich das ganze Jahr \u00fcber zu nutzen. Egal, ob strahlender Sonnenschein oder Regen, mit unseren Terrassend\u00e4chern k\u00f6nnen Sie Ihre Terrasse in einen komfortablen und gesch\u00fctzten Raum verwandeln.<\/p>\n<\/div><\/section><br \/>\n<div  class='hr av-2p12ebh-1024c7da16818fda36591217daaa2307 hr-default  avia-builder-el-28  el_after_av_textblock  avia-builder-el-last '><span class='hr-inner '><span class=\"hr-inner-style\"><\/span><\/span><\/div><\/p><\/div><div  class='flex_column av-190wul9-d6fc40767a73c1adabc3f4c6cf7d9856 av_one_half  avia-builder-el-29  el_after_av_one_half  el_before_av_one_half  flex_column_div  '     ><style type=\"text\/css\" data-created_by=\"avia_inline_auto\" id=\"style-css-av-lu6p4gi6-77d4faf70e2c695dcc375084140e7543\">\n.avia-image-container.av-lu6p4gi6-77d4faf70e2c695dcc375084140e7543 img.avia_image{\nbox-shadow:none;\n}\n.avia-image-container.av-lu6p4gi6-77d4faf70e2c695dcc375084140e7543 .av-image-caption-overlay-center{\ncolor:#ffffff;\n}\n<\/style>\n<div  class='avia-image-container av-lu6p4gi6-77d4faf70e2c695dcc375084140e7543 av-styling- avia-align-center  avia-builder-el-30  avia-builder-el-no-sibling '   itemprop=\"image\" itemscope=\"itemscope\" itemtype=\"https:\/\/schema.org\/ImageObject\" ><div class=\"avia-image-container-inner\"><div class=\"avia-image-overlay-wrap\"><img decoding=\"async\" fetchpriority=\"high\" class='wp-image-11465 avia-img-lazy-loading-not-11465 avia_image ' src=\"https:\/\/www.ttf.at\/cms\/wp-content\/uploads\/2024\/03\/BT-Group-1.jpg\" alt='' title='Terrassen\u00fcberdachung'  height=\"1068\" width=\"2000\"  itemprop=\"thumbnailUrl\" srcset=\"https:\/\/www.ttf.at\/cms\/wp-content\/uploads\/2024\/03\/BT-Group-1.jpg 2000w, https:\/\/www.ttf.at\/cms\/wp-content\/uploads\/2024\/03\/BT-Group-1-300x160.jpg 300w, https:\/\/www.ttf.at\/cms\/wp-content\/uploads\/2024\/03\/BT-Group-1-1030x550.jpg 1030w, https:\/\/www.ttf.at\/cms\/wp-content\/uploads\/2024\/03\/BT-Group-1-768x410.jpg 768w, https:\/\/www.ttf.at\/cms\/wp-content\/uploads\/2024\/03\/BT-Group-1-1536x820.jpg 1536w, https:\/\/www.ttf.at\/cms\/wp-content\/uploads\/2024\/03\/BT-Group-1-1500x801.jpg 1500w, https:\/\/www.ttf.at\/cms\/wp-content\/uploads\/2024\/03\/BT-Group-1-705x376.jpg 705w\" sizes=\"(max-width: 2000px) 100vw, 2000px\" \/><\/div><\/div><\/div><\/div><div  class='flex_column av-16oq5nh-3df6dbe43ea2a9b0fec443ed7e718eb8 av_one_half  avia-builder-el-31  el_after_av_one_half  el_before_av_one_half  first flex_column_div  column-top-margin'     ><style type=\"text\/css\" data-created_by=\"avia_inline_auto\" id=\"style-css-av-lu6p7ksv-cfe6394c37b0f8ab5b122f4f26bd9d5f\">\n.avia-image-container.av-lu6p7ksv-cfe6394c37b0f8ab5b122f4f26bd9d5f img.avia_image{\nbox-shadow:none;\n}\n.avia-image-container.av-lu6p7ksv-cfe6394c37b0f8ab5b122f4f26bd9d5f .av-image-caption-overlay-center{\ncolor:#ffffff;\n}\n<\/style>\n<div  class='avia-image-container av-lu6p7ksv-cfe6394c37b0f8ab5b122f4f26bd9d5f av-styling- avia-align-center  avia-builder-el-32  avia-builder-el-no-sibling '   itemprop=\"image\" itemscope=\"itemscope\" itemtype=\"https:\/\/schema.org\/ImageObject\" ><div class=\"avia-image-container-inner\"><div class=\"avia-image-overlay-wrap\"><img decoding=\"async\" fetchpriority=\"high\" class='wp-image-11526 avia-img-lazy-loading-not-11526 avia_image ' src=\"https:\/\/www.ttf.at\/cms\/wp-content\/uploads\/2024\/03\/IMG_0762-scaled.jpg\" alt='' title='Terrassen\u00fcberdachung'  height=\"1707\" width=\"2560\"  itemprop=\"thumbnailUrl\" srcset=\"https:\/\/www.ttf.at\/cms\/wp-content\/uploads\/2024\/03\/IMG_0762-scaled.jpg 2560w, https:\/\/www.ttf.at\/cms\/wp-content\/uploads\/2024\/03\/IMG_0762-300x200.jpg 300w, https:\/\/www.ttf.at\/cms\/wp-content\/uploads\/2024\/03\/IMG_0762-1030x687.jpg 1030w, https:\/\/www.ttf.at\/cms\/wp-content\/uploads\/2024\/03\/IMG_0762-768x512.jpg 768w, https:\/\/www.ttf.at\/cms\/wp-content\/uploads\/2024\/03\/IMG_0762-1536x1024.jpg 1536w, https:\/\/www.ttf.at\/cms\/wp-content\/uploads\/2024\/03\/IMG_0762-2048x1365.jpg 2048w, https:\/\/www.ttf.at\/cms\/wp-content\/uploads\/2024\/03\/IMG_0762-1500x1000.jpg 1500w, https:\/\/www.ttf.at\/cms\/wp-content\/uploads\/2024\/03\/IMG_0762-705x470.jpg 705w\" sizes=\"(max-width: 2560px) 100vw, 2560px\" \/><\/div><\/div><\/div><\/div><div  class='flex_column av-39y731-800127f086d8ef8adcfd36918b68d60c av_one_half  avia-builder-el-33  el_after_av_one_half  avia-builder-el-last  flex_column_div  column-top-margin'     ><p><div  class='hr av-21mqbnh-b9ead7256179869df9b1ffbad1ab185c hr-default  avia-builder-el-34  el_before_av_textblock  avia-builder-el-first '><span class='hr-inner '><span class=\"hr-inner-style\"><\/span><\/span><\/div><br \/>\n\n<style type=\"text\/css\" data-created_by=\"avia_inline_auto\" id=\"style-css-av-lu6pbmha-39e685c1a6dcac4424066caec0127d3a\">\n#top .av_textblock_section.av-lu6pbmha-39e685c1a6dcac4424066caec0127d3a .avia_textblock{\ncolor:#ffffff;\n}\n<\/style>\n<section  class='av_textblock_section av-lu6pbmha-39e685c1a6dcac4424066caec0127d3a '   itemscope=\"itemscope\" itemtype=\"https:\/\/schema.org\/CreativeWork\" ><div class='avia_textblock av_inherit_color'  itemprop=\"text\" ><p>Unsere Terrassend\u00e4cher werden aus hochwertigen Materialien gefertigt, die Langlebigkeit und \u00c4sthetik vereinen. Wir bieten eine Vielzahl von Designs, Stilen und Gr\u00f6\u00dfen, um sicherzustellen, dass Sie das Terrassendach finden, das perfekt zu Ihrem Zuhause und Ihren Bed\u00fcrfnissen passt. Integrierte Beleuchtungssysteme schaffen eine warme und einladende Atmosph\u00e4re, w\u00e4hrend optionale Seitenelemente zus\u00e4tzlichen Schutz vor Wind und Regen bieten k\u00f6nnen. Mit unserer ma\u00dfgeschneiderten Beratung finden wir gemeinsam mit Ihnen die ideale L\u00f6sung, um Ihre Terrasse in einen Ort der Entspannung und des Genusses zu verwandeln.<\/p>\n<\/div><\/section><br \/>\n<div  class='hr av-1d9ke3h-4ca66d4862f4b6a3ba843cddcb791feb hr-default  avia-builder-el-36  el_after_av_textblock  avia-builder-el-last '><span class='hr-inner '><span class=\"hr-inner-style\"><\/span><\/span><\/div><\/p><\/div>\n","protected":false},"excerpt":{"rendered":"","protected":false},"author":1,"featured_media":0,"parent":0,"menu_order":0,"comment_status":"closed","ping_status":"closed","template":"","meta":{"footnotes":""},"class_list":["post-10557","page","type-page","status-publish","hentry"],"publishpress_future_action":{"enabled":false,"date":"2026-04-23 12:55:48","action":"change-status","newStatus":"draft","terms":[],"taxonomy":"","extraData":[]},"publishpress_future_workflow_manual_trigger":{"enabledWorkflows":[]},"_links":{"self":[{"href":"https:\/\/www.ttf.at\/cms\/wp-json\/wp\/v2\/pages\/10557","targetHints":{"allow":["GET"]}}],"collection":[{"href":"https:\/\/www.ttf.at\/cms\/wp-json\/wp\/v2\/pages"}],"about":[{"href":"https:\/\/www.ttf.at\/cms\/wp-json\/wp\/v2\/types\/page"}],"author":[{"embeddable":true,"href":"https:\/\/www.ttf.at\/cms\/wp-json\/wp\/v2\/users\/1"}],"replies":[{"embeddable":true,"href":"https:\/\/www.ttf.at\/cms\/wp-json\/wp\/v2\/comments?post=10557"}],"version-history":[{"count":57,"href":"https:\/\/www.ttf.at\/cms\/wp-json\/wp\/v2\/pages\/10557\/revisions"}],"predecessor-version":[{"id":11585,"href":"https:\/\/www.ttf.at\/cms\/wp-json\/wp\/v2\/pages\/10557\/revisions\/11585"}],"wp:attachment":[{"href":"https:\/\/www.ttf.at\/cms\/wp-json\/wp\/v2\/media?parent=10557"}],"curies":[{"name":"wp","href":"https:\/\/api.w.org\/{rel}","templated":true}]}}