{"id":1307,"date":"2017-02-13T14:57:01","date_gmt":"2017-02-13T14:57:01","guid":{"rendered":"http:\/\/test.kriesi.at\/enfold-2017\/?page_id=1307"},"modified":"2024-04-11T10:05:11","modified_gmt":"2024-04-11T08:05:11","slug":"icon-list","status":"publish","type":"page","link":"https:\/\/www.ttf.at\/cms\/icon-list\/","title":{"rendered":"Firmengeschichte"},"content":{"rendered":"\n<style type=\"text\/css\" data-created_by=\"avia_inline_auto\" id=\"style-css-av-jlr0xxpf-6a232c85484bc69bbc09bccb23a3e28b\">\n.avia-section.av-jlr0xxpf-6a232c85484bc69bbc09bccb23a3e28b{\nbackground-color:#4c4c4c;\nbackground-image:unset;\n}\n<\/style>\n<div id='av_section_1'  class='avia-section av-jlr0xxpf-6a232c85484bc69bbc09bccb23a3e28b main_color avia-section-default avia-no-border-styling  avia-builder-el-0  el_before_av_one_full  avia-builder-el-first  avia-bg-style-scroll container_wrap fullsize'  ><div class='container av-section-cont-open' ><main  role=\"main\" itemprop=\"mainContentOfPage\"  class='template-page content  av-content-full alpha units'><div class='post-entry post-entry-type-page post-entry-1307'><div class='entry-content-wrapper clearfix'>\n\n<style type=\"text\/css\" data-created_by=\"avia_inline_auto\" id=\"style-css-av-jlr0zp4s-1c80f74084c1b3fcf9fe80cea0dc28aa\">\n#top .av-special-heading.av-jlr0zp4s-1c80f74084c1b3fcf9fe80cea0dc28aa{\npadding-bottom:10px;\ncolor:#ffffff;\nfont-size:40px;\n}\nbody .av-special-heading.av-jlr0zp4s-1c80f74084c1b3fcf9fe80cea0dc28aa .av-special-heading-tag .heading-char{\nfont-size:25px;\n}\n#top #wrap_all .av-special-heading.av-jlr0zp4s-1c80f74084c1b3fcf9fe80cea0dc28aa .av-special-heading-tag{\nfont-size:40px;\n}\n.av-special-heading.av-jlr0zp4s-1c80f74084c1b3fcf9fe80cea0dc28aa .special-heading-inner-border{\nborder-color:#ffffff;\n}\n.av-special-heading.av-jlr0zp4s-1c80f74084c1b3fcf9fe80cea0dc28aa .av-subheading{\nfont-size:15px;\n}\n\n@media only screen and (min-width: 480px) and (max-width: 767px){ \n#top #wrap_all .av-special-heading.av-jlr0zp4s-1c80f74084c1b3fcf9fe80cea0dc28aa .av-special-heading-tag{\nfont-size:0.8em;\n}\n}\n\n@media only screen and (max-width: 479px){ \n#top #wrap_all .av-special-heading.av-jlr0zp4s-1c80f74084c1b3fcf9fe80cea0dc28aa .av-special-heading-tag{\nfont-size:0.8em;\n}\n}\n<\/style>\n<div  class='av-special-heading av-jlr0zp4s-1c80f74084c1b3fcf9fe80cea0dc28aa av-special-heading-h2 custom-color-heading blockquote modern-quote  avia-builder-el-1  avia-builder-el-no-sibling  av-inherit-size'><h2 class='av-special-heading-tag '  itemprop=\"headline\"  >Die Firmengeschichte<\/h2><div class=\"special-heading-border\"><div class=\"special-heading-inner-border\"><\/div><\/div><\/div>\n<\/div><\/div><\/main><!-- close content main element --><\/div><\/div><div id='after_section_1'  class='main_color av_default_container_wrap container_wrap fullsize'  ><div class='container av-section-cont-open' ><div class='template-page content  av-content-full alpha units'><div class='post-entry post-entry-type-page post-entry-1307'><div class='entry-content-wrapper clearfix'><div  class='flex_column av-av_one_full-7714eba142aeda1f8b5272a3c372b279 av_one_full  avia-builder-el-2  el_after_av_section  avia-builder-el-no-sibling  first flex_column_div  '     ><p><div  id=\"avia-timeline-1\"  class='avia-timeline-container av-jk9ik7ba-0172d366473e5d4aa6402d3aa971ba26 av-slideshow-ui  avia-builder-el-3  el_before_av_textblock  avia-builder-el-first ' ><ul class='avia-timeline avia-timeline-vertical av-milestone-placement-alternate avia-timeline- avia_animate_when_almost_visible avia-timeline-animate'>\n<li  class='av-milestone av-9nb8qz-ffbd0b67736cb7aca14965c6ab81ba82 av-animated-generic fade-in av-milestone-valign-baseline av-milestone-odd'><h2 class='av-milestone-date ' id='milestone-1995' ><strong>1995<span class='av-milestone-indicator'><\/span><\/strong><\/h2><div class=\"av-milestone-icon-wrap\"><span class='av-milestone-icon milestone_icon avia-font-entypo-fontello'><span class='av-milestone-icon-inner milestone_inner'><i class='milestone-char avia-iconfont avia-font-entypo-fontello' data-av_icon='\ue84e' data-av_iconfont='entypo-fontello' ><\/i><\/span><\/span><\/div><article class='av-milestone-content-wrap'><div class='av-milestone-contentbox'><header class=\"entry-content-header\" aria-label=\"Milestone: Gr\u00fcndung TTF Frauscher\"><h4 class='av-milestone-title '>Gr\u00fcndung TTF Frauscher<\/h4><\/header><div class='av-milestone-content'><p><img loading=\"lazy\" decoding=\"async\" class=\"alignnone size-full wp-image-3557\" src=\"http:\/\/www.ttf.at\/cms\/wp-content\/uploads\/2018\/07\/Wappen.gif\" alt=\"\" width=\"90\" height=\"105\" \/><\/p>\n<p>Edi Frauscher gr\u00fcndet ein Montageunternehmen f\u00fcr Brandschutzt\u00fcren und Tore in St. Johann am Walde<\/p>\n<\/div><\/div><footer class='av-milestone-article-footer entry-footer'><\/footer><\/article><\/li>\n<li  class='av-milestone av-5g9kkr-025fc9e21374c0d86b0c14fb179395e2 av-animated-generic fade-in av-milestone-valign-baseline av-milestone-even'><article class='av-milestone-content-wrap'><div class='av-milestone-contentbox'><header class=\"entry-content-header\" aria-label=\"Milestone: Schauraumbau | Start Vertrieb\"><h4 class='av-milestone-title '>Schauraumbau | Start Vertrieb<\/h4><\/header><div class='av-milestone-content'><p><img loading=\"lazy\" decoding=\"async\" class=\"alignnone size-medium wp-image-3529\" src=\"http:\/\/www.ttf.at\/cms\/wp-content\/uploads\/2018\/07\/Bild1-300x225.jpg\" alt=\"\" width=\"300\" height=\"225\" srcset=\"https:\/\/www.ttf.at\/cms\/wp-content\/uploads\/2018\/07\/Bild1-300x225.jpg 300w, https:\/\/www.ttf.at\/cms\/wp-content\/uploads\/2018\/07\/Bild1-450x338.jpg 450w, https:\/\/www.ttf.at\/cms\/wp-content\/uploads\/2018\/07\/Bild1.jpg 638w\" sizes=\"auto, (max-width: 300px) 100vw, 300px\" \/><\/p>\n<p>Ein Teil des Privathauses wird zu einem Schauraum f\u00fcr Fenster T\u00fcren und Tore umgebaut und der Vertrieb wird gestartet<\/p>\n<\/div><\/div><footer class='av-milestone-article-footer entry-footer'><\/footer><\/article><div class=\"av-milestone-icon-wrap\"><span class='av-milestone-icon milestone_icon avia-font-entypo-fontello'><span class='av-milestone-icon-inner milestone_inner'><i class='milestone-char avia-iconfont avia-font-entypo-fontello' data-av_icon='\ue83e' data-av_iconfont='entypo-fontello' ><\/i><\/span><\/span><\/div><h2 class='av-milestone-date ' id='milestone-1998' ><strong>1998<span class='av-milestone-indicator'><\/span><\/strong><\/h2><\/li>\n<li  class='av-milestone av-5xh7ob-67d4bdb699fa21784cd3ee84b02d3a1d av-animated-generic fade-in av-milestone-valign-baseline av-milestone-odd'><h2 class='av-milestone-date ' id='milestone-2002' ><strong>2002<span class='av-milestone-indicator'><\/span><\/strong><\/h2><div class=\"av-milestone-icon-wrap\"><span class='av-milestone-icon milestone_icon avia-font-entypo-fontello'><span class='av-milestone-icon-inner milestone_inner'><i class='milestone-char avia-iconfont avia-font-entypo-fontello' data-av_icon='\ue841' data-av_iconfont='entypo-fontello' ><\/i><\/span><\/span><\/div><article class='av-milestone-content-wrap'><div class='av-milestone-contentbox'><header class=\"entry-content-header\" aria-label=\"Milestone: Filiale Mattighofen\"><h4 class='av-milestone-title '>Filiale Mattighofen<\/h4><\/header><div class='av-milestone-content'><p><img loading=\"lazy\" decoding=\"async\" class=\"alignnone size-full wp-image-3531\" src=\"http:\/\/www.ttf.at\/cms\/wp-content\/uploads\/2018\/07\/Bild2.jpg\" alt=\"\" width=\"219\" height=\"165\" \/><\/p>\n<p>TTF Frauscher wird\u00a0Vertriebspartner f\u00fcr Internorm und\u00a0er\u00f6ffnet eine\u00a0Filiale in Mattighofen<\/p>\n<\/div><\/div><footer class='av-milestone-article-footer entry-footer'><\/footer><\/article><\/li>\n<li  class='av-milestone av-4cwlrv-5e9d4bf88bad3021c3571c54cc9de804 av-animated-generic fade-in av-milestone-valign-baseline av-milestone-even'><article class='av-milestone-content-wrap'><div class='av-milestone-contentbox'><header class=\"entry-content-header\" aria-label=\"Milestone: Komplettumzug nach Mattighofen\"><h4 class='av-milestone-title '>Komplettumzug nach Mattighofen<\/h4><\/header><div class='av-milestone-content'><p><img loading=\"lazy\" decoding=\"async\" class=\"alignnone size-medium wp-image-3530\" src=\"http:\/\/www.ttf.at\/cms\/wp-content\/uploads\/2018\/07\/Bild3-300x212.jpg\" alt=\"\" width=\"300\" height=\"212\" srcset=\"https:\/\/www.ttf.at\/cms\/wp-content\/uploads\/2018\/07\/Bild3-300x212.jpg 300w, https:\/\/www.ttf.at\/cms\/wp-content\/uploads\/2018\/07\/Bild3-260x185.jpg 260w, https:\/\/www.ttf.at\/cms\/wp-content\/uploads\/2018\/07\/Bild3-450x318.jpg 450w, https:\/\/www.ttf.at\/cms\/wp-content\/uploads\/2018\/07\/Bild3.jpg 653w\" sizes=\"auto, (max-width: 300px) 100vw, 300px\" \/><\/p>\n<p>Durch das Wachstum der Firma, wird 2007 ein Komplettumzug in ein Geb\u00e4ude in Mattighofen\u00a0mit einer\u00a0Gesch\u00e4ftsfl\u00e4che\u00a0von 450m\u00b2 vollzogen<\/p>\n<\/div><\/div><footer class='av-milestone-article-footer entry-footer'><\/footer><\/article><div class=\"av-milestone-icon-wrap\"><span class='av-milestone-icon milestone_icon avia-font-entypo-fontello'><span class='av-milestone-icon-inner milestone_inner'><i class='milestone-char avia-iconfont avia-font-entypo-fontello' data-av_icon='\ue820' data-av_iconfont='entypo-fontello' ><\/i><\/span><\/span><\/div><h2 class='av-milestone-date ' id='milestone-2007' ><strong>2007<span class='av-milestone-indicator'><\/span><\/strong><\/h2><\/li>\n<li  class='av-milestone av-2avzuj-8ba8617063dc8216b0c5ef54d40e3742 av-animated-generic fade-in av-milestone-valign-baseline av-milestone-odd'><h2 class='av-milestone-date ' id='milestone-2015' ><strong>2015<span class='av-milestone-indicator'><\/span><\/strong><\/h2><div class=\"av-milestone-icon-wrap\"><span class='av-milestone-icon milestone_icon avia-font-entypo-fontello'><span class='av-milestone-icon-inner milestone_inner'><i class='milestone-char avia-iconfont avia-font-entypo-fontello' data-av_icon='\ue882' data-av_iconfont='entypo-fontello' ><\/i><\/span><\/span><\/div><article class='av-milestone-content-wrap'><div class='av-milestone-contentbox'><header class=\"entry-content-header\" aria-label=\"Milestone: Um- und Zubau des Geb\u00e4udes\"><h4 class='av-milestone-title '>Um- und Zubau des Geb\u00e4udes<\/h4><\/header><div class='av-milestone-content'><p><img loading=\"lazy\" decoding=\"async\" class=\"alignnone size-medium wp-image-3549\" src=\"http:\/\/www.ttf.at\/cms\/wp-content\/uploads\/2018\/07\/Bild5-300x220.jpg\" alt=\"\" width=\"300\" height=\"220\" srcset=\"https:\/\/www.ttf.at\/cms\/wp-content\/uploads\/2018\/07\/Bild5-300x220.jpg 300w, https:\/\/www.ttf.at\/cms\/wp-content\/uploads\/2018\/07\/Bild5-705x518.jpg 705w, https:\/\/www.ttf.at\/cms\/wp-content\/uploads\/2018\/07\/Bild5-450x330.jpg 450w, https:\/\/www.ttf.at\/cms\/wp-content\/uploads\/2018\/07\/Bild5.jpg 756w\" sizes=\"auto, (max-width: 300px) 100vw, 300px\" \/><\/p>\n<p>Das gesamte Erdgeschoss\u00a0wird zu einer barrierefreien Schauraumfl\u00e4che umgebaut.\u00a0Neue B\u00fcros und Besprechungsr\u00e4ume werden im 2 Stock realisiert.<\/p>\n<\/div><\/div><footer class='av-milestone-article-footer entry-footer'><\/footer><\/article><\/li>\n<li  class='av-milestone av-l9eb8iv7-414940381008ea654181a1de2b0775e2 av-animated-generic fade-in av-milestone-valign-baseline av-milestone-even'><article class='av-milestone-content-wrap'><div class='av-milestone-contentbox'><header class=\"entry-content-header\" aria-label=\"Milestone: \u00dcbernahme TTF \"><h4 class='av-milestone-title '>\u00dcbernahme TTF <\/h4><\/header><div class='av-milestone-content'><p><img loading=\"lazy\" decoding=\"async\" class=\"alignnone size-medium wp-image-9973\" src=\"http:\/\/www.ttf.at\/cms\/wp-content\/uploads\/2023\/03\/Z723621-02-Kopie-300x228.jpg\" alt=\"\" width=\"300\" height=\"228\" srcset=\"https:\/\/www.ttf.at\/cms\/wp-content\/uploads\/2023\/03\/Z723621-02-Kopie-300x228.jpg 300w, https:\/\/www.ttf.at\/cms\/wp-content\/uploads\/2023\/03\/Z723621-02-Kopie-1030x781.jpg 1030w, https:\/\/www.ttf.at\/cms\/wp-content\/uploads\/2023\/03\/Z723621-02-Kopie-768x582.jpg 768w, https:\/\/www.ttf.at\/cms\/wp-content\/uploads\/2023\/03\/Z723621-02-Kopie-1536x1165.jpg 1536w, https:\/\/www.ttf.at\/cms\/wp-content\/uploads\/2023\/03\/Z723621-02-Kopie-1500x1138.jpg 1500w, https:\/\/www.ttf.at\/cms\/wp-content\/uploads\/2023\/03\/Z723621-02-Kopie-705x535.jpg 705w\" sizes=\"auto, (max-width: 300px) 100vw, 300px\" \/><\/p>\n<p>\u00dcbernahme der TTF Frauscher GmbH durch die Geschwister<br \/>\nEduard Mairleitner, Jacqueline Stempfer und Reinhard Frauscher<\/p>\n<\/div><\/div><footer class='av-milestone-article-footer entry-footer'><\/footer><\/article><div class=\"av-milestone-icon-wrap\"><span class='av-milestone-icon milestone_icon avia-font-entypo-fontello'><span class='av-milestone-icon-inner milestone_inner'><i class='milestone-char avia-iconfont avia-font-entypo-fontello' data-av_icon='\ue800' data-av_iconfont='entypo-fontello' ><\/i><\/span><\/span><\/div><h2 class='av-milestone-date ' id='milestone-2020' ><strong>2020<span class='av-milestone-indicator'><\/span><\/strong><\/h2><\/li>\n<\/ul><\/div><br \/>\n<section  class='av_textblock_section av-luuyerpo-c53d248c2b7ee90fc2aea48a93c454f2 '   itemscope=\"itemscope\" itemtype=\"https:\/\/schema.org\/CreativeWork\" ><div class='avia_textblock'  itemprop=\"text\" ><p>Wir sind stolz als Familienbetrieb, unseren Betrieb in 2ter Generation zu f\u00fchren. Wir leben unsere Leidenschaft, denn wir lieben es in verschiedenste Stilrichtungen einzutauchen, wo wir ma\u00dfgeschneiderte Konzepte f\u00fcr unsere Kunden ausarbeiten. Dabei ist uns der respektvolle Umgang mit unseren Kunden und Mitarbeitern besonders wichtig. Wir legen gr\u00f6\u00dften Wert auf Ehrlichkeit, Respekt und Wertsch\u00e4tzung in all unseren Interaktionen.<\/p>\n<\/div><\/section><\/p><\/div><\/p>\n","protected":false},"excerpt":{"rendered":"","protected":false},"author":1,"featured_media":0,"parent":0,"menu_order":0,"comment_status":"closed","ping_status":"closed","template":"","meta":{"footnotes":""},"class_list":["post-1307","page","type-page","status-publish","hentry"],"publishpress_future_action":{"enabled":false,"date":"2026-05-08 22:45:13","action":"change-status","newStatus":"draft","terms":[],"taxonomy":"","extraData":[]},"publishpress_future_workflow_manual_trigger":{"enabledWorkflows":[]},"_links":{"self":[{"href":"https:\/\/www.ttf.at\/cms\/wp-json\/wp\/v2\/pages\/1307","targetHints":{"allow":["GET"]}}],"collection":[{"href":"https:\/\/www.ttf.at\/cms\/wp-json\/wp\/v2\/pages"}],"about":[{"href":"https:\/\/www.ttf.at\/cms\/wp-json\/wp\/v2\/types\/page"}],"author":[{"embeddable":true,"href":"https:\/\/www.ttf.at\/cms\/wp-json\/wp\/v2\/users\/1"}],"replies":[{"embeddable":true,"href":"https:\/\/www.ttf.at\/cms\/wp-json\/wp\/v2\/comments?post=1307"}],"version-history":[{"count":24,"href":"https:\/\/www.ttf.at\/cms\/wp-json\/wp\/v2\/pages\/1307\/revisions"}],"predecessor-version":[{"id":11984,"href":"https:\/\/www.ttf.at\/cms\/wp-json\/wp\/v2\/pages\/1307\/revisions\/11984"}],"wp:attachment":[{"href":"https:\/\/www.ttf.at\/cms\/wp-json\/wp\/v2\/media?parent=1307"}],"curies":[{"name":"wp","href":"https:\/\/api.w.org\/{rel}","templated":true}]}}