{"id":1310,"date":"2017-02-13T14:57:13","date_gmt":"2017-02-13T14:57:13","guid":{"rendered":"http:\/\/test.kriesi.at\/enfold-2017\/?page_id=1310"},"modified":"2026-03-06T10:56:11","modified_gmt":"2026-03-06T09:56:11","slug":"headline-rotator","status":"publish","type":"page","link":"https:\/\/www.ttf.at\/cms\/headline-rotator\/","title":{"rendered":"Was wir bieten"},"content":{"rendered":"\n<style type=\"text\/css\" data-created_by=\"avia_inline_auto\" id=\"style-css-av-jk9oicxt-c00a7e87fe916497e8566052665a4965\">\n.flex_column.av-jk9oicxt-c00a7e87fe916497e8566052665a4965{\nborder-radius:0px 0px 0px 0px;\npadding:0px 0px 0px 0px;\n}\n<\/style>\n<div  class='flex_column av-jk9oicxt-c00a7e87fe916497e8566052665a4965 av_one_full  avia-builder-el-0  el_before_av_one_third  avia-builder-el-first  first flex_column_div av-zero-column-padding  '     ><\/div>\n\n<style type=\"text\/css\" data-created_by=\"avia_inline_auto\" id=\"style-css-av-ap9ua6-777793f009c905baff3e75967c0919d1\">\n.flex_column.av-ap9ua6-777793f009c905baff3e75967c0919d1{\nborder-radius:0px 0px 0px 0px;\npadding:0px 0px 0px 0px;\n}\n<\/style>\n<div  class='flex_column av-ap9ua6-777793f009c905baff3e75967c0919d1 av_one_third  avia-builder-el-1  el_after_av_one_full  el_before_av_one_third  first flex_column_div av-zero-column-padding  column-top-margin'     ><div  class=\"avia-animated-number av-9vqb8u-063f06f4e3d5bea0a484fbe0b1644070 av-force-default-color avia_animate_when_visible  avia-builder-el-2  avia-builder-el-no-sibling  \" data-timer=\"3000\"><strong class=\"heading avia-animated-number-title\"><span class=\"avia-single-number __av-single-number\" data-number_format=\"\" data-number=\"17\" data-start_from=\"0\">17<\/span><span class=\"avia-no-number\"> Mitarbeiter<\/span><\/strong><div class=\"avia-animated-number-content\"><p>Topgeschult ist bei uns Standard<\/p>\n<\/div><\/div><\/div>\n<style type=\"text\/css\" data-created_by=\"avia_inline_auto\" id=\"style-css-av-3v6bdq-a5e902c9ed60ac9fe7291ee86f59f4d2\">\n.flex_column.av-3v6bdq-a5e902c9ed60ac9fe7291ee86f59f4d2{\nborder-radius:0px 0px 0px 0px;\npadding:0px 0px 0px 0px;\n}\n<\/style>\n<div  class='flex_column av-3v6bdq-a5e902c9ed60ac9fe7291ee86f59f4d2 av_one_third  avia-builder-el-3  el_after_av_one_third  el_before_av_one_third  flex_column_div av-zero-column-padding  column-top-margin'     ><div  class=\"avia-animated-number av-21h4ry-e581574091945083037beb4641882549 av-force-default-color avia_animate_when_visible  avia-builder-el-4  avia-builder-el-no-sibling  \" data-timer=\"3000\"><strong class=\"heading avia-animated-number-title\"><span class=\"avia-single-number __av-single-number\" data-number_format=\"\" data-number=\"76501\" data-start_from=\"0\">76501<\/span><\/strong><div class=\"avia-animated-number-content\"><p>gelieferte Einheiten<\/p>\n<\/div><\/div><\/div><\/p>\n\n<style type=\"text\/css\" data-created_by=\"avia_inline_auto\" id=\"style-css-av-70dgmm-6ce3891eaf927372399931b49b9c8427\">\n.flex_column.av-70dgmm-6ce3891eaf927372399931b49b9c8427{\nborder-radius:0px 0px 0px 0px;\npadding:0px 0px 0px 0px;\n}\n<\/style>\n<div  class='flex_column av-70dgmm-6ce3891eaf927372399931b49b9c8427 av_one_third  avia-builder-el-5  el_after_av_one_third  el_before_av_hr  flex_column_div av-zero-column-padding  column-top-margin'     ><div  class=\"avia-animated-number av-55ohfy-b176791f7af4a21452a8f37ea8434e4b av-force-default-color avia_animate_when_visible  avia-builder-el-6  avia-builder-el-no-sibling  \" data-timer=\"3000\"><strong class=\"heading avia-animated-number-title\"><span class=\"avia-single-number __av-single-number\" data-number_format=\"\" data-number=\"31\" data-start_from=\"0\">31<\/span><span class=\"avia-no-number\"> Jahre<\/span><\/strong><div class=\"avia-animated-number-content\"><p>Erfahrung<\/p>\n<\/div><\/div><\/div>\n<div  class='hr av-5674qm-1f956bd424ddd73d10367e27ca626f98 hr-default  avia-builder-el-7  el_after_av_one_third  el_before_av_heading '><span class='hr-inner '><span class=\"hr-inner-style\"><\/span><\/span><\/div>\n\n<style type=\"text\/css\" data-created_by=\"avia_inline_auto\" id=\"style-css-av-2tgpxa-e22b3ae59d75a1ce28c7d83f76137d24\">\n#top .av-special-heading.av-2tgpxa-e22b3ae59d75a1ce28c7d83f76137d24{\nmargin:2px 2px 2px 2px;\npadding-bottom:15px;\ncolor:#000000;\nfont-size:40px;\n}\nbody .av-special-heading.av-2tgpxa-e22b3ae59d75a1ce28c7d83f76137d24 .av-special-heading-tag .heading-char{\nfont-size:25px;\n}\n#top #wrap_all .av-special-heading.av-2tgpxa-e22b3ae59d75a1ce28c7d83f76137d24 .av-special-heading-tag{\nfont-size:40px;\n}\n.av-special-heading.av-2tgpxa-e22b3ae59d75a1ce28c7d83f76137d24 .special-heading-inner-border{\nborder-color:#000000;\n}\n.av-special-heading.av-2tgpxa-e22b3ae59d75a1ce28c7d83f76137d24 .av-subheading{\nfont-size:15px;\n}\n\n@media only screen and (min-width: 480px) and (max-width: 767px){ \n#top #wrap_all .av-special-heading.av-2tgpxa-e22b3ae59d75a1ce28c7d83f76137d24 .av-special-heading-tag{\nfont-size:0.8em;\n}\n}\n\n@media only screen and (max-width: 479px){ \n#top #wrap_all .av-special-heading.av-2tgpxa-e22b3ae59d75a1ce28c7d83f76137d24 .av-special-heading-tag{\nfont-size:0.8em;\n}\n}\n<\/style>\n<div  class='av-special-heading av-2tgpxa-e22b3ae59d75a1ce28c7d83f76137d24 av-special-heading-h1 custom-color-heading blockquote modern-quote  avia-builder-el-8  el_after_av_hr  el_before_av_hr  av-inherit-size'><h1 class='av-special-heading-tag '  itemprop=\"headline\"  >Beratung, Verkauf, Montage, Service<\/h1><div class=\"special-heading-border\"><div class=\"special-heading-inner-border\"><\/div><\/div><\/div>\n<div  class='hr av-2b0xbi-1765b5e336715f9978b51a6d5f4e8256 hr-default  avia-builder-el-9  el_after_av_heading  el_before_av_textblock '><span class='hr-inner '><span class=\"hr-inner-style\"><\/span><\/span><\/div>\n\n<style type=\"text\/css\" data-created_by=\"avia_inline_auto\" id=\"style-css-av-oa1fn2-e4ae7d4e3436a2ba9d055dbba78a4137\">\n#top .av_textblock_section.av-oa1fn2-e4ae7d4e3436a2ba9d055dbba78a4137 .avia_textblock{\ncolor:#474649;\n}\n<\/style>\n<section  class='av_textblock_section av-oa1fn2-e4ae7d4e3436a2ba9d055dbba78a4137 '   itemscope=\"itemscope\" itemtype=\"https:\/\/schema.org\/CreativeWork\" ><div class='avia_textblock av_inherit_color'  itemprop=\"text\" ><p><strong>Individuelle L\u00f6sungen auszuarbeiten und umzusetzen, das ist unsere Spezialit\u00e4t!<br \/>\n<\/strong><\/p>\n<p>Das begeistert unsere Kunden bereits seit 1995! <span style=\"background-color: transparent; cursor: text; font-variant-numeric: normal; font-variant-east-asian: normal;\">(&gt;&gt;<\/span><a href=\"http:\/\/www.ttf.at\/cms\/?page_id=1307\" target=\"_blank\" rel=\"noopener\">zur Firmengeschichte<\/a><span style=\"background-color: transparent; cursor: text; font-variant-numeric: normal; font-variant-east-asian: normal;\">)\u00a0<\/span><\/p>\n<p>Wer uns als seinen Partner w\u00e4hlt, erh\u00e4lt hochwertige Markenprodukte und erstklassige Serviceleistungen &#8211; schnell, zuverl\u00e4ssig und aus einer Hand.<\/p>\n<p><strong>Auf uns k\u00f6nnen Sie sich jederzeit verlassen!<\/strong><br \/>\nDas best\u00e4tigen unter anderem Zertifikate und Auszeichnungen.<br \/>\nWir sind <strong>zertifizierter Gold Level Partner<\/strong> und wurden 2010 mit dem <strong>Golden Internorm Award Europa<\/strong>, sowie 2010, 2013, 2016, 2017, 2019, 2020 und 2024 mit dem <strong>1st Window Award im Bereich Kundenzufriedenheit <\/strong>ausgezeichnet. 2025 erhielten wir zus\u00e4tzlich den <strong>Montage Award.<\/strong><\/p>\n<p>Um auch in Zukunft die Nummer 1 f\u00fcr Sie zu bleiben, investieren wir laufend in die Aus- und Weiterbildung unserer Mitarbeiter.<\/p>\n<p>Bei uns erhalten Sie nicht nur Top-Produkte, sondern auch einen Top Service aus einer Hand. Wir setzen dabei auf mehrere eigene Montagepartien, um sicherzustellen, dass jeder Schritt von Experten durchgef\u00fchrt wird. Unser Ziel ist es, Ihnen nicht nur ein Produkt zu liefern, sondern auch das Vertrauen, dass es optimal funktionieren wird. Verlassen Sie sich auf unsere Erfahrung und unser Engagement f\u00fcr Qualit\u00e4t, denn nur ein professionell eingebautes Produkt kann halten, was es verspricht.<\/p>\n<p><strong>Kompetenz kombiniert mit Engagement und Motivation:<\/strong><br \/>\nDas zeichnet uns als zuverl\u00e4ssigen Partner f\u00fcr Ihr Bauvorhaben aus und garantiert f\u00fcr Ergebnisse, die Sie begeistern!<\/p>\n<\/div><\/section>\n<\/div><\/div><\/div><!-- close content main div --><\/div><\/div><div id='av_section_1'  class='avia-section av-39fzsu-8dfce2cf848e1f5db70a3cc2361eb9ea main_color avia-section-default avia-no-border-styling  avia-builder-el-11  el_after_av_textblock  avia-builder-el-last  avia-bg-style-scroll container_wrap fullsize'  ><div class='container av-section-cont-open' ><div class='template-page content  av-content-full alpha units'><div class='post-entry post-entry-type-page post-entry-1310'><div class='entry-content-wrapper clearfix'>\n<div  class='flex_column av-36k98e-187bdb686b902d38159b668fe214803a av_one_third  avia-builder-el-12  el_before_av_one_third  avia-builder-el-first  first flex_column_div  '     ><style type=\"text\/css\" data-created_by=\"avia_inline_auto\" id=\"style-css-av-2kkafi-8532f948d692a234387765daa1592edb\">\n#top .av_textblock_section.av-2kkafi-8532f948d692a234387765daa1592edb .avia_textblock{\ncolor:#474649;\n}\n<\/style>\n<section  class='av_textblock_section av-2kkafi-8532f948d692a234387765daa1592edb '   itemscope=\"itemscope\" itemtype=\"https:\/\/schema.org\/CreativeWork\" ><div class='avia_textblock av_inherit_color'  itemprop=\"text\" ><p style=\"text-align: center;\">Wir sind Internorm Gold Level Partner und garantieren damit h\u00f6chste Qualit\u00e4tsstandards.<\/p>\n<\/div><\/section><br \/>\n\n<style type=\"text\/css\" data-created_by=\"avia_inline_auto\" id=\"style-css-av-ler0fwzy-0433cb8f9e4ae9cdcce31288d9c37ea9\">\n.avia-image-container.av-ler0fwzy-0433cb8f9e4ae9cdcce31288d9c37ea9 img.avia_image{\nbox-shadow:none;\n}\n.avia-image-container.av-ler0fwzy-0433cb8f9e4ae9cdcce31288d9c37ea9 .av-image-caption-overlay-center{\ncolor:#ffffff;\n}\n<\/style>\n<div  class='avia-image-container av-ler0fwzy-0433cb8f9e4ae9cdcce31288d9c37ea9 av-styling- avia-align-center  avia-builder-el-14  el_after_av_textblock  el_before_av_textblock '   itemprop=\"image\" itemscope=\"itemscope\" itemtype=\"https:\/\/schema.org\/ImageObject\" ><div class=\"avia-image-container-inner\"><div class=\"avia-image-overlay-wrap\"><img decoding=\"async\" fetchpriority=\"high\" class='wp-image-8242 avia-img-lazy-loading-not-8242 avia_image ' src=\"https:\/\/www.ttf.at\/cms\/wp-content\/uploads\/2022\/01\/Gold-Level-Partner-149x300.jpg\" alt='' title='Gold Level Partner'  height=\"300\" width=\"149\"  itemprop=\"thumbnailUrl\" srcset=\"https:\/\/www.ttf.at\/cms\/wp-content\/uploads\/2022\/01\/Gold-Level-Partner-149x300.jpg 149w, https:\/\/www.ttf.at\/cms\/wp-content\/uploads\/2022\/01\/Gold-Level-Partner-350x705.jpg 350w, https:\/\/www.ttf.at\/cms\/wp-content\/uploads\/2022\/01\/Gold-Level-Partner.jpg 399w\" sizes=\"(max-width: 149px) 100vw, 149px\" \/><\/div><\/div><\/div><br \/>\n\n<style type=\"text\/css\" data-created_by=\"avia_inline_auto\" id=\"style-css-av-2jea32-36355afa0c73eb0d79a2829fb70b4c8c\">\n#top .av_textblock_section.av-2jea32-36355afa0c73eb0d79a2829fb70b4c8c .avia_textblock{\ncolor:#474649;\n}\n<\/style>\n<section  class='av_textblock_section av-2jea32-36355afa0c73eb0d79a2829fb70b4c8c '   itemscope=\"itemscope\" itemtype=\"https:\/\/schema.org\/CreativeWork\" ><div class='avia_textblock av_inherit_color'  itemprop=\"text\" ><p style=\"text-align: center;\">Als zertifizierter Gold Level Partner bieten wir Ihnen eine \u00fcberdurchschnittliche Performance in Hinblick auf Abwicklungsqualit\u00e4t und Kundenservice. Die Rundum-Betreuung reicht von professioneller Beratung \u00fcber saubere Montage bis zum Eingehen auf individuelle W\u00fcnsche.<\/p>\n<\/div><\/section><\/p><\/div><div  class='flex_column av-79r94e-77e6ac5bd1be62e910546a482c15b529 av_one_third  avia-builder-el-16  el_after_av_one_third  el_before_av_one_third  flex_column_div  '     ><p><div  class='avia-video av-jk9d21oi-7a680f1fa5f28a0877f215fbce9bbcfa avia-video-16-9 av-no-preview-image avia-video-load-always av-lazyload-immediate av-lazyload-video-embed'  itemprop=\"video\" itemtype=\"https:\/\/schema.org\/VideoObject\"  data-original_url='https:\/\/www.youtube.com\/watch?v=ohRAsDEZr2k'><script type='text\/html' class='av-video-tmpl'><div class='avia-iframe-wrap'><iframe loading=\"lazy\" title=\"TTF Frauscher Mattighofen\" width=\"1500\" height=\"844\" src=\"https:\/\/www.youtube.com\/embed\/ohRAsDEZr2k?feature=oembed&autoplay=0&loop=0&controls=1&mute=0\" frameborder=\"0\" allow=\"accelerometer; autoplay; clipboard-write; encrypted-media; gyroscope; picture-in-picture; web-share\" referrerpolicy=\"strict-origin-when-cross-origin\" allowfullscreen><\/iframe><\/div><\/script><div class='av-click-to-play-overlay'><div class=\"avia_playpause_icon\"><\/div><\/div><\/div><br \/>\n<div  class='avia-builder-widget-area clearfix  avia-builder-el-18  el_after_av_video  avia-builder-el-last '><section id=\"avia_fb_likebox-2\" class=\"widget clearfix avia-widget-container avia_fb_likebox avia_no_block_preview\"><div class=\"avia-preview-headline\">Enfold Child Facebook Likebox<\/div><div class=\"avia-preview-info\">Titel: <\/div><div class=\"avia-preview-info\">URL: https:\/\/www.facebook.com\/TTFFrauscher\/<\/div><div class=\"avia-preview-in-front\">Content is only rendered in frontend.<\/div><span class=\"seperator extralight-border\"><\/span><\/section><section id=\"fbrev_widget-2\" class=\"widget clearfix fb-reviews-widget\"><span class=\"seperator extralight-border\"><\/span><\/section><\/div><\/p><\/div><div  class='flex_column av-5dsu4u-09311c434e67f81020094eac9e0c2fc5 av_one_third  avia-builder-el-19  el_after_av_one_third  el_before_av_hr  flex_column_div  '     ><p><div  class='avia-video av-ldu1ntjq-e89050a1a03253d538ee720ab710c7d1 avia-video-16-9 av-no-preview-image avia-video-load-always avia-video-html5'  itemprop=\"video\" itemtype=\"https:\/\/schema.org\/VideoObject\"  data-original_url='http:\/\/www.ttf.at\/cms\/wp-content\/uploads\/2022\/11\/IMG_7459.mp4'><video class='avia_video'    preload=\"auto\"  controls id='player_1310_1318630041_429033870'><source src='http:\/\/www.ttf.at\/cms\/wp-content\/uploads\/2022\/11\/IMG_7459.mp4' type='video\/mp4' \/><\/video><\/div><br \/>\n\n<style type=\"text\/css\" data-created_by=\"avia_inline_auto\" id=\"style-css-av-ldu1ko47-5cd75039c714cc0e4af3974d7f61eb95\">\n#top .av_textblock_section.av-ldu1ko47-5cd75039c714cc0e4af3974d7f61eb95 .avia_textblock{\ncolor:#474649;\n}\n<\/style>\n<section  class='av_textblock_section av-ldu1ko47-5cd75039c714cc0e4af3974d7f61eb95 '   itemscope=\"itemscope\" itemtype=\"https:\/\/schema.org\/CreativeWork\" ><div class='avia_textblock av_inherit_color'  itemprop=\"text\" ><p style=\"text-align: left;\">UNSER QUALIT\u00c4TSVERSPRECHEN<\/p>\n<p style=\"text-align: left;\"><span style=\"font-size: 16px;\">Bereit zu jeder Zeit, bei jedem Wetter. Dranbleiben, auch wenn es knifflig wird. Mit Begeisterung f\u00fcr jedes Projekt. <strong>Mit Kreativit\u00e4t zum Erfolg. Mit Leidenschaft zum Beruf. <\/strong><\/span>Stark, kompetent, selbstbewusst und manchmal mit ganz viel cool bleiben.<br \/>\n<strong style=\"font-size: 16px;\">Jeden Tag das Unm\u00f6gliche \u2013 m\u00f6glich machen. <\/strong>Das beschreibt die Leistung unserer Monteure, auf die wir jeden Tag aufs Neue stolz sind!<br \/>\n<strong>Nur ein fachgerecht eingebautes Produkt h\u00e4lt auch was es verspricht!<br \/>\n<\/strong><\/p>\n<\/div><\/section><\/p><\/div><div  class='hr av-33laxa-c4d8cef8f0c9754024ea6acc356c5087 hr-default  avia-builder-el-22  el_after_av_one_third  avia-builder-el-last '><span class='hr-inner '><span class=\"hr-inner-style\"><\/span><\/span><\/div>\n\n","protected":false},"excerpt":{"rendered":"","protected":false},"author":1,"featured_media":0,"parent":0,"menu_order":0,"comment_status":"closed","ping_status":"closed","template":"","meta":{"footnotes":""},"class_list":["post-1310","page","type-page","status-publish","hentry"],"publishpress_future_action":{"enabled":false,"date":"2026-04-14 10:30:06","action":"change-status","newStatus":"draft","terms":[],"taxonomy":"","extraData":[]},"publishpress_future_workflow_manual_trigger":{"enabledWorkflows":[]},"_links":{"self":[{"href":"https:\/\/www.ttf.at\/cms\/wp-json\/wp\/v2\/pages\/1310","targetHints":{"allow":["GET"]}}],"collection":[{"href":"https:\/\/www.ttf.at\/cms\/wp-json\/wp\/v2\/pages"}],"about":[{"href":"https:\/\/www.ttf.at\/cms\/wp-json\/wp\/v2\/types\/page"}],"author":[{"embeddable":true,"href":"https:\/\/www.ttf.at\/cms\/wp-json\/wp\/v2\/users\/1"}],"replies":[{"embeddable":true,"href":"https:\/\/www.ttf.at\/cms\/wp-json\/wp\/v2\/comments?post=1310"}],"version-history":[{"count":111,"href":"https:\/\/www.ttf.at\/cms\/wp-json\/wp\/v2\/pages\/1310\/revisions"}],"predecessor-version":[{"id":14426,"href":"https:\/\/www.ttf.at\/cms\/wp-json\/wp\/v2\/pages\/1310\/revisions\/14426"}],"wp:attachment":[{"href":"https:\/\/www.ttf.at\/cms\/wp-json\/wp\/v2\/media?parent=1310"}],"curies":[{"name":"wp","href":"https:\/\/api.w.org\/{rel}","templated":true}]}}