{"id":1364,"date":"2017-02-13T15:02:14","date_gmt":"2017-02-13T15:02:14","guid":{"rendered":"http:\/\/test.kriesi.at\/enfold-2017\/?page_id=1364"},"modified":"2025-04-08T13:46:15","modified_gmt":"2025-04-08T11:46:15","slug":"catalogue","status":"publish","type":"page","link":"https:\/\/www.ttf.at\/cms\/catalogue\/","title":{"rendered":"Catalogue"},"content":{"rendered":"\n<style type=\"text\/css\" data-created_by=\"avia_inline_auto\" id=\"style-css-av-jm6a2w0v-e82bded5e8859d0081e54d0ed0646c7e\">\n.avia-section.av-jm6a2w0v-e82bded5e8859d0081e54d0ed0646c7e .av-section-color-overlay{\nopacity:0.7;\nbackground-color:#000000;\n}\n<\/style>\n<div id='av_section_1'  class='avia-section av-jm6a2w0v-e82bded5e8859d0081e54d0ed0646c7e main_color avia-section-default avia-no-border-styling  avia-builder-el-0  el_before_av_section  avia-builder-el-first  avia-bg-style-scroll av-section-color-overlay-active container_wrap fullsize'  ><div class=\"av-section-color-overlay-wrap\"><div class=\"av-section-color-overlay\"><\/div><div class='container av-section-cont-open' ><main  role=\"main\" itemprop=\"mainContentOfPage\"  class='template-page content  av-content-full alpha units'><div class='post-entry post-entry-type-page post-entry-1364'><div class='entry-content-wrapper clearfix'>\n\n<style type=\"text\/css\" data-created_by=\"avia_inline_auto\" id=\"style-css-av-jm6dj5gh-17ce6f7d848d13dfb8ffae297ae275a2\">\n#top .av-special-heading.av-jm6dj5gh-17ce6f7d848d13dfb8ffae297ae275a2{\npadding-bottom:15px;\ncolor:#ffffff;\nfont-size:40px;\n}\nbody .av-special-heading.av-jm6dj5gh-17ce6f7d848d13dfb8ffae297ae275a2 .av-special-heading-tag .heading-char{\nfont-size:25px;\n}\n#top #wrap_all .av-special-heading.av-jm6dj5gh-17ce6f7d848d13dfb8ffae297ae275a2 .av-special-heading-tag{\nfont-size:40px;\n}\n.av-special-heading.av-jm6dj5gh-17ce6f7d848d13dfb8ffae297ae275a2 .special-heading-inner-border{\nborder-color:#ffffff;\n}\n.av-special-heading.av-jm6dj5gh-17ce6f7d848d13dfb8ffae297ae275a2 .av-subheading{\nfont-size:15px;\n}\n\n@media only screen and (min-width: 480px) and (max-width: 767px){ \n#top #wrap_all .av-special-heading.av-jm6dj5gh-17ce6f7d848d13dfb8ffae297ae275a2 .av-special-heading-tag{\nfont-size:0.8em;\n}\n}\n\n@media only screen and (max-width: 479px){ \n#top #wrap_all .av-special-heading.av-jm6dj5gh-17ce6f7d848d13dfb8ffae297ae275a2 .av-special-heading-tag{\nfont-size:0.8em;\n}\n}\n<\/style>\n<div  class='av-special-heading av-jm6dj5gh-17ce6f7d848d13dfb8ffae297ae275a2 av-special-heading-h1 custom-color-heading blockquote modern-quote  avia-builder-el-1  avia-builder-el-no-sibling  av-inherit-size'><h1 class='av-special-heading-tag '  itemprop=\"headline\"  >Markisen<\/h1><div class='av_custom_color av-subheading av-subheading_below'><p>F\u00fcr sch\u00f6ne Stunden im Freien<\/p>\n<\/div><div class=\"special-heading-border\"><div class=\"special-heading-inner-border\"><\/div><\/div><\/div>\n\n<\/div><\/div><\/main><!-- close content main element --><\/div><\/div><\/div><div id='av_section_2'  class='avia-section av-35uys4-3d3e03c88085ab3f890f1ffae1eb6874 main_color avia-section-default avia-no-border-styling  avia-builder-el-2  el_after_av_section  el_before_av_image  avia-bg-style-scroll container_wrap fullsize'  ><div class='container av-section-cont-open' ><div class='template-page content  av-content-full alpha units'><div class='post-entry post-entry-type-page post-entry-1364'><div class='entry-content-wrapper clearfix'>\n\n<style type=\"text\/css\" data-created_by=\"avia_inline_auto\" id=\"style-css-av-1mh7pj8-b64c2a517e5409c5debdde0078c52ca6\">\n#top .av_textblock_section.av-1mh7pj8-b64c2a517e5409c5debdde0078c52ca6 .avia_textblock{\ncolor:#000000;\n}\n<\/style>\n<section  class='av_textblock_section av-1mh7pj8-b64c2a517e5409c5debdde0078c52ca6 '   itemscope=\"itemscope\" itemtype=\"https:\/\/schema.org\/CreativeWork\" ><div class='avia_textblock av_inherit_color'  itemprop=\"text\" ><p>Die eigene Terrasse in den Sommermonaten zu genie\u00dfen, ist ein St\u00fcck Lebensqualit\u00e4t. Mit unseren hochwertigen Markisen bringen Sie nicht nur Schatten in Ihren Au\u00dfenbereich, sondern auch Stil und Komfort. Unsere Markisen sind die perfekte L\u00f6sung, um Ihre Terrasse, Ihren Balkon oder Ihren Garten vor der intensiven Sonne zu sch\u00fctzen und gleichzeitig eine angenehme Atmosph\u00e4re im Freien zu schaffen.<\/p>\n<p>Erhardt ist der perfekte Hersteller, wenn es um Wind und Wetterschutz f\u00fcr Terrassen und Balkone geht. Neben Markisen, bieten wir mit dieser Marke auch Wind- und Sichtschutzw\u00e4nde, an denen Sie lange Freude haben werden.<\/p>\n<p>Die Bedienung\u00a0 ist einfach und bequem. Sie k\u00f6nnen zwischen manuellen oder motorisierten Optionen w\u00e4hlen, um Ihre Markise m\u00fchelos zu \u00f6ffnen und zu schlie\u00dfen. Wir bieten Ihnen eine Vielzahl von Farben, Mustern und Designs, um sicherzustellen, dass sie perfekt zu Ihrem Wohnstil und Ihren individuellen Vorlieben passen.<\/p>\n<\/div><\/section>\n<\/div><\/div><\/div><!-- close content main div --><\/div><\/div><div id='after_section_2'  class='main_color av_default_container_wrap container_wrap fullsize'  ><div class='container av-section-cont-open' ><div class='template-page content  av-content-full alpha units'><div class='post-entry post-entry-type-page post-entry-1364'><div class='entry-content-wrapper clearfix'>\n<style type=\"text\/css\" data-created_by=\"avia_inline_auto\" id=\"style-css-av-lu19u1ss-1d4f58c6f9617013d2195dd77baf318c\">\n.avia-image-container.av-lu19u1ss-1d4f58c6f9617013d2195dd77baf318c img.avia_image{\nbox-shadow:none;\n}\n.avia-image-container.av-lu19u1ss-1d4f58c6f9617013d2195dd77baf318c .av-image-caption-overlay-center{\ncolor:#ffffff;\n}\n<\/style>\n<div  class='avia-image-container av-lu19u1ss-1d4f58c6f9617013d2195dd77baf318c av-styling- avia-align-center  avia-builder-el-4  el_after_av_section  avia-builder-el-no-sibling '   itemprop=\"image\" itemscope=\"itemscope\" itemtype=\"https:\/\/schema.org\/ImageObject\" ><div class=\"avia-image-container-inner\"><div class=\"avia-image-overlay-wrap\"><img decoding=\"async\" fetchpriority=\"high\" class='wp-image-11405 avia-img-lazy-loading-not-11405 avia_image ' src=\"https:\/\/www.ttf.at\/cms\/wp-content\/uploads\/2024\/03\/1_1_3_1_kassettenmarkisen-k_02-2024.jpg\" alt='' title='Kassettenmarkisen'  height=\"436\" width=\"933\"  itemprop=\"thumbnailUrl\" srcset=\"https:\/\/www.ttf.at\/cms\/wp-content\/uploads\/2024\/03\/1_1_3_1_kassettenmarkisen-k_02-2024.jpg 933w, https:\/\/www.ttf.at\/cms\/wp-content\/uploads\/2024\/03\/1_1_3_1_kassettenmarkisen-k_02-2024-300x140.jpg 300w, https:\/\/www.ttf.at\/cms\/wp-content\/uploads\/2024\/03\/1_1_3_1_kassettenmarkisen-k_02-2024-768x359.jpg 768w, https:\/\/www.ttf.at\/cms\/wp-content\/uploads\/2024\/03\/1_1_3_1_kassettenmarkisen-k_02-2024-705x329.jpg 705w\" sizes=\"(max-width: 933px) 100vw, 933px\" \/><\/div><\/div><\/div><\/p>\n","protected":false},"excerpt":{"rendered":"","protected":false},"author":1,"featured_media":0,"parent":0,"menu_order":0,"comment_status":"closed","ping_status":"closed","template":"","meta":{"footnotes":""},"class_list":["post-1364","page","type-page","status-publish","hentry"],"publishpress_future_action":{"enabled":false,"date":"2026-04-23 01:54:12","action":"change-status","newStatus":"draft","terms":[],"taxonomy":"","extraData":[]},"publishpress_future_workflow_manual_trigger":{"enabledWorkflows":[]},"_links":{"self":[{"href":"https:\/\/www.ttf.at\/cms\/wp-json\/wp\/v2\/pages\/1364","targetHints":{"allow":["GET"]}}],"collection":[{"href":"https:\/\/www.ttf.at\/cms\/wp-json\/wp\/v2\/pages"}],"about":[{"href":"https:\/\/www.ttf.at\/cms\/wp-json\/wp\/v2\/types\/page"}],"author":[{"embeddable":true,"href":"https:\/\/www.ttf.at\/cms\/wp-json\/wp\/v2\/users\/1"}],"replies":[{"embeddable":true,"href":"https:\/\/www.ttf.at\/cms\/wp-json\/wp\/v2\/comments?post=1364"}],"version-history":[{"count":58,"href":"https:\/\/www.ttf.at\/cms\/wp-json\/wp\/v2\/pages\/1364\/revisions"}],"predecessor-version":[{"id":13141,"href":"https:\/\/www.ttf.at\/cms\/wp-json\/wp\/v2\/pages\/1364\/revisions\/13141"}],"wp:attachment":[{"href":"https:\/\/www.ttf.at\/cms\/wp-json\/wp\/v2\/media?parent=1364"}],"curies":[{"name":"wp","href":"https:\/\/api.w.org\/{rel}","templated":true}]}}