{"id":1395,"date":"2017-02-13T15:06:04","date_gmt":"2017-02-13T15:06:04","guid":{"rendered":"http:\/\/test.kriesi.at\/enfold-2017\/?page_id=1395"},"modified":"2026-03-17T11:54:10","modified_gmt":"2026-03-17T10:54:10","slug":"fullscreen-slider","status":"publish","type":"page","link":"https:\/\/www.ttf.at\/cms\/fullscreen-slider\/","title":{"rendered":"Awards"},"content":{"rendered":"\n<style type=\"text\/css\" data-created_by=\"avia_inline_auto\" id=\"style-css-av-jkb4g1wd-2128a7b03abdb5309ca4e95b37303308\">\n.avia-section.av-jkb4g1wd-2128a7b03abdb5309ca4e95b37303308{\nbackground-repeat:no-repeat;\nbackground-image:url(https:\/\/www.ttf.at\/cms\/wp-content\/uploads\/2018\/09\/INT5034-1500x998.jpg);\nbackground-position:50% 50%;\nbackground-attachment:scroll;\n}\n.avia-section.av-jkb4g1wd-2128a7b03abdb5309ca4e95b37303308 .av-section-color-overlay{\nopacity:0.6;\nbackground-color:#000000;\n}\n<\/style>\n<div id='av_section_1'  class='avia-section av-jkb4g1wd-2128a7b03abdb5309ca4e95b37303308 main_color avia-section-huge avia-no-border-styling  avia-builder-el-0  avia-builder-el-no-sibling  avia-full-stretch avia-bg-style-scroll av-section-color-overlay-active av-minimum-height av-minimum-height-100 av-height-100  container_wrap fullsize'  data-section-bg-repeat='stretch' data-av_minimum_height_pc='100' data-av_min_height_opt='100'><div class=\"av-section-color-overlay-wrap\"><div class=\"av-section-color-overlay\"><\/div><div class='container av-section-cont-open' ><main  role=\"main\" itemprop=\"mainContentOfPage\"  class='template-page content  av-content-full alpha units'><div class='post-entry post-entry-type-page post-entry-1395'><div class='entry-content-wrapper clearfix'>\n\n<style type=\"text\/css\" data-created_by=\"avia_inline_auto\" id=\"style-css-av-jkb58q15-c10259139a177199d26751cdcb1fb2cb\">\n#top #wrap_all .avia-team-member.av-jkb58q15-c10259139a177199d26751cdcb1fb2cb .team-member-name{\ncolor:#ffffff;\n}\n.avia-team-member.av-jkb58q15-c10259139a177199d26751cdcb1fb2cb .team-member-job-title{\ncolor:#ffffff;\n}\n<\/style>\n<section  class='avia-team-member av-jkb58q15-c10259139a177199d26751cdcb1fb2cb  avia-builder-el-1  el_before_av_textblock  avia-builder-el-first '  itemscope=\"itemscope\" itemtype=\"https:\/\/schema.org\/Person\" ><h3 class='team-member-name '  itemprop=\"name\" >Internorm verleiht 1st window Awards<\/h3><span class='hidden team-member-affiliation'  itemprop=\"affiliation\" >TTF<\/span><\/section>\n\n<style type=\"text\/css\" data-created_by=\"avia_inline_auto\" id=\"style-css-av-jk9hsnfn-5c5502ea3c926181f3ad4329fe44baee\">\n#top .av_textblock_section.av-jk9hsnfn-5c5502ea3c926181f3ad4329fe44baee .avia_textblock{\ncolor:#ffffff;\n}\n<\/style>\n<section  class='av_textblock_section av-jk9hsnfn-5c5502ea3c926181f3ad4329fe44baee '   itemscope=\"itemscope\" itemtype=\"https:\/\/schema.org\/CreativeWork\" ><div class='avia_textblock av_inherit_color'  itemprop=\"text\" ><p>Im Rahmen der Internorm-Partnerpr\u00e4sentationen verleiht Internorm den [1st] window Award an \u00f6sterreichische [1st] window Partner. Ausgezeichnet werden diejenigen Partner, mit der besten Performance im Bereich Kundenzufriedenheit.<\/p>\n<p>Der Internorm 1st window Award wird j\u00e4hrlich jenen Vertriebspartnern \u00fcbergeben, welche im Rahmen des Customer Care Konzeptes von Internorm alle zehn vorgeschriebenen Customer Care-Standards zur G\u00e4nze erf\u00fcllen und leben. Dabei steht die professionelle Rundum-Betreuung unserer EndkundInnen hinsichtlich Beratung, fachgerechter Montage und jeglichen sonstigen Abwicklungsthematiken im Fokus.<br \/>\nAusschlaggebend f\u00fcr den Gewinn des 1st window Awards ist jedoch final, wer die h\u00f6chste Weiterempfehlungsquote erzielt hat.<\/p>\n<p>Im Jahr 2010, 2013, 2016, 2017, 2019, 2020 und 2024 durften wir diese Auszeichnung entgegennehmen.<\/p>\n<p>2025 durften wir eine ganz besondere Auszeichnung entgegennehmen &#8211; den erstmals verliehenen Montage Award. Diese Auszeichnung w\u00fcrdigt unseren hohen Qualit\u00e4tsanspruch, die geb\u00fcndelte Fachkompetenz im eigenen Haus und unser gro\u00dfartiges Team!<\/p>\n<p>Alle 5 Jahre gibt es europaweit eine Verleihung des Golden Awards. Wir durften den aller ersten golden Award in Wien im Jahre 2010 entgegennehmen.<br \/>\nDiese Awards bedeuten uns sehr viel, das sie die gelebte Philosophie durch unser gesamtes Team best\u00e4tigen.<\/p>\n<\/div><\/section>\n\n<style type=\"text\/css\" data-created_by=\"avia_inline_auto\" id=\"style-css-av-jk9hpcde-78e500cc6116fdf479fe1585a220af59\">\n#top .avia-icon-list-container.av-jk9hpcde-78e500cc6116fdf479fe1585a220af59 .iconlist_icon{\ncolor:#ffffff;\nbackground-color:#000000;\nborder:1px solid #ffffff;\n}\n#top .avia-icon-list-container.av-jk9hpcde-78e500cc6116fdf479fe1585a220af59 .iconlist_icon svg:first-child{\nstroke:#ffffff;\nfill:#ffffff;\n}\n#top #wrap_all .avia-icon-list-container.av-jk9hpcde-78e500cc6116fdf479fe1585a220af59 .av_iconlist_title{\ncolor:#ffffff;\n}\n<\/style>\n<div  class='avia-icon-list-container av-jk9hpcde-78e500cc6116fdf479fe1585a220af59  avia-builder-el-3  el_after_av_textblock  avia-builder-el-last '><ul class='avia-icon-list avia_animate_when_almost_visible avia-icon-list-left av-iconlist-big av-jk9hpcde-78e500cc6116fdf479fe1585a220af59 avia-iconlist-animate'>\n<li><div class='iconlist_icon av-97g99f-6c9163ffdc016f80ea39ccdcb0889e1e avia-font-entypo-fontello avia-iconfont avia-font-entypo-fontello'><span class='av-icon-char' data-av_icon='\ue8a8' data-av_iconfont='entypo-fontello' aria-hidden=\"true\"><\/span><\/div><article class=\"article-icon-entry av-iconlist-empty\"  itemscope=\"itemscope\" itemtype=\"https:\/\/schema.org\/CreativeWork\" ><div class=\"iconlist_content_wrap\"><header class=\"entry-content-header\" aria-label=\"Icon: 2010 Auszeichnung mit dem Golden Internorm Award Europa\"><h4 class='av_iconlist_title iconlist_title  av_inherit_color'  itemprop=\"headline\" >2010 Auszeichnung mit dem Golden Internorm Award Europa<\/h4><\/header><div class='iconlist_content '  itemprop=\"text\" ><\/div><\/div><footer class=\"entry-footer\"><\/footer><\/article><div class=\"iconlist-timeline\"><\/div><\/li>\n<li><div class='iconlist_icon av-6uxznn-d8d5736669ed7f2652774ca6b8e0ffb8 avia-font-entypo-fontello avia-iconfont avia-font-entypo-fontello'><span class='av-icon-char' data-av_icon='\ue8a8' data-av_iconfont='entypo-fontello' aria-hidden=\"true\"><\/span><\/div><article class=\"article-icon-entry av-iconlist-empty\"  itemscope=\"itemscope\" itemtype=\"https:\/\/schema.org\/CreativeWork\" ><div class=\"iconlist_content_wrap\"><header class=\"entry-content-header\" aria-label=\"Icon: 2010 Auszeichnung mit dem 1st Window Award\"><h4 class='av_iconlist_title iconlist_title  av_inherit_color'  itemprop=\"headline\" >2010 Auszeichnung mit dem 1st Window Award<\/h4><\/header><div class='iconlist_content '  itemprop=\"text\" ><\/div><\/div><footer class=\"entry-footer\"><\/footer><\/article><div class=\"iconlist-timeline\"><\/div><\/li>\n<li><div class='iconlist_icon av-6d3783-9a35637e35d2ed952d9ee77267255cda avia-font-entypo-fontello avia-iconfont avia-font-entypo-fontello'><span class='av-icon-char' data-av_icon='\ue8a8' data-av_iconfont='entypo-fontello' aria-hidden=\"true\"><\/span><\/div><article class=\"article-icon-entry av-iconlist-empty\"  itemscope=\"itemscope\" itemtype=\"https:\/\/schema.org\/CreativeWork\" ><div class=\"iconlist_content_wrap\"><header class=\"entry-content-header\" aria-label=\"Icon: 2013 Auszeichnung mit dem 1st Window Award\"><h4 class='av_iconlist_title iconlist_title  av_inherit_color'  itemprop=\"headline\" >2013 Auszeichnung mit dem 1st Window Award<\/h4><\/header><div class='iconlist_content '  itemprop=\"text\" ><\/div><\/div><footer class=\"entry-footer\"><\/footer><\/article><div class=\"iconlist-timeline\"><\/div><\/li>\n<li><div class='iconlist_icon av-44bbkz-b8888dbcda1c8a0ca7d8627e70336c6e avia-font-entypo-fontello avia-iconfont avia-font-entypo-fontello'><span class='av-icon-char' data-av_icon='\ue8a8' data-av_iconfont='entypo-fontello' aria-hidden=\"true\"><\/span><\/div><article class=\"article-icon-entry av-iconlist-empty\"  itemscope=\"itemscope\" itemtype=\"https:\/\/schema.org\/CreativeWork\" ><div class=\"iconlist_content_wrap\"><header class=\"entry-content-header\" aria-label=\"Icon: 2016 Auszeichnung mit dem 1st Window Award\"><h4 class='av_iconlist_title iconlist_title  av_inherit_color'  itemprop=\"headline\" >2016 Auszeichnung mit dem 1st Window Award<\/h4><\/header><div class='iconlist_content '  itemprop=\"text\" ><\/div><\/div><footer class=\"entry-footer\"><\/footer><\/article><div class=\"iconlist-timeline\"><\/div><\/li>\n<li><div class='iconlist_icon av-40fd03-3cf1ae83aa2101dca0bc145741033f64 avia-font-entypo-fontello avia-iconfont avia-font-entypo-fontello'><span class='av-icon-char' data-av_icon='\ue8a8' data-av_iconfont='entypo-fontello' aria-hidden=\"true\"><\/span><\/div><article class=\"article-icon-entry av-iconlist-empty\"  itemscope=\"itemscope\" itemtype=\"https:\/\/schema.org\/CreativeWork\" ><div class=\"iconlist_content_wrap\"><header class=\"entry-content-header\" aria-label=\"Icon: 2017 Auszeichnung mit dem 1st Window Award\"><h4 class='av_iconlist_title iconlist_title  av_inherit_color'  itemprop=\"headline\" >2017 Auszeichnung mit dem 1st Window Award<\/h4><\/header><div class='iconlist_content '  itemprop=\"text\" ><\/div><\/div><footer class=\"entry-footer\"><\/footer><\/article><div class=\"iconlist-timeline\"><\/div><\/li>\n<li><div class='iconlist_icon av-2ohysz-e942797578a90adb33eec884b5a2a419 avia-font-entypo-fontello avia-iconfont avia-font-entypo-fontello'><span class='av-icon-char' data-av_icon='\ue8a8' data-av_iconfont='entypo-fontello' aria-hidden=\"true\"><\/span><\/div><article class=\"article-icon-entry av-iconlist-empty\"  itemscope=\"itemscope\" itemtype=\"https:\/\/schema.org\/CreativeWork\" ><div class=\"iconlist_content_wrap\"><header class=\"entry-content-header\" aria-label=\"Icon: 2019 Auszeichnung mit dem 1st Window Award\"><h4 class='av_iconlist_title iconlist_title  av_inherit_color'  itemprop=\"headline\" >2019 Auszeichnung mit dem 1st Window Award<\/h4><\/header><div class='iconlist_content '  itemprop=\"text\" ><\/div><\/div><footer class=\"entry-footer\"><\/footer><\/article><div class=\"iconlist-timeline\"><\/div><\/li>\n<li><div class='iconlist_icon av-krdi54du-f910fe4972f4272ff465f06b5814e962 avia-font-entypo-fontello avia-iconfont avia-font-entypo-fontello'><span class='av-icon-char' data-av_icon='\ue8a8' data-av_iconfont='entypo-fontello' aria-hidden=\"true\"><\/span><\/div><article class=\"article-icon-entry av-iconlist-empty\"  itemscope=\"itemscope\" itemtype=\"https:\/\/schema.org\/CreativeWork\" ><div class=\"iconlist_content_wrap\"><header class=\"entry-content-header\" aria-label=\"Icon: 2020 Auszeichnung mit dem 1st Window Award\"><h4 class='av_iconlist_title iconlist_title  av_inherit_color'  itemprop=\"headline\" >2020 Auszeichnung mit dem 1st Window Award<\/h4><\/header><div class='iconlist_content '  itemprop=\"text\" ><\/div><\/div><footer class=\"entry-footer\"><\/footer><\/article><div class=\"iconlist-timeline\"><\/div><\/li>\n<li><div class='iconlist_icon av-krdi54du-1-2ca1af9859758c65708c1c85a1d55b2d avia-font-entypo-fontello avia-iconfont avia-font-entypo-fontello'><span class='av-icon-char' data-av_icon='\ue8a8' data-av_iconfont='entypo-fontello' aria-hidden=\"true\"><\/span><\/div><article class=\"article-icon-entry av-iconlist-empty\"  itemscope=\"itemscope\" itemtype=\"https:\/\/schema.org\/CreativeWork\" ><div class=\"iconlist_content_wrap\"><header class=\"entry-content-header\" aria-label=\"Icon: 2024 Auszeichnung mit dem 1st Window Award\"><h4 class='av_iconlist_title iconlist_title  av_inherit_color'  itemprop=\"headline\" >2024 Auszeichnung mit dem 1st Window Award<\/h4><\/header><div class='iconlist_content '  itemprop=\"text\" ><\/div><\/div><footer class=\"entry-footer\"><\/footer><\/article><div class=\"iconlist-timeline\"><\/div><\/li>\n<li><div class='iconlist_icon av-ml6fv20o-ce113f73446054e2adda665f0488807a avia-font-entypo-fontello avia-iconfont avia-font-entypo-fontello'><span class='av-icon-char' data-av_icon='\ue8a8' data-av_iconfont='entypo-fontello' aria-hidden=\"true\"><\/span><\/div><article class=\"article-icon-entry av-iconlist-empty\"  itemscope=\"itemscope\" itemtype=\"https:\/\/schema.org\/CreativeWork\" ><div class=\"iconlist_content_wrap\"><header class=\"entry-content-header\" aria-label=\"Icon: 2025 Auszeichnung mit dem Montage Award\"><h4 class='av_iconlist_title iconlist_title  av_inherit_color'  itemprop=\"headline\" >2025 Auszeichnung mit dem Montage Award<\/h4><\/header><div class='iconlist_content '  itemprop=\"text\" ><\/div><\/div><footer class=\"entry-footer\"><\/footer><\/article><div class=\"iconlist-timeline\"><\/div><\/li>\n<\/ul><\/div>\n\n","protected":false},"excerpt":{"rendered":"","protected":false},"author":1,"featured_media":0,"parent":0,"menu_order":0,"comment_status":"closed","ping_status":"closed","template":"","meta":{"footnotes":""},"class_list":["post-1395","page","type-page","status-publish","hentry"],"publishpress_future_action":{"enabled":false,"date":"2026-05-20 13:44:41","action":"change-status","newStatus":"draft","terms":[],"taxonomy":"","extraData":[]},"publishpress_future_workflow_manual_trigger":{"enabledWorkflows":[]},"_links":{"self":[{"href":"https:\/\/www.ttf.at\/cms\/wp-json\/wp\/v2\/pages\/1395","targetHints":{"allow":["GET"]}}],"collection":[{"href":"https:\/\/www.ttf.at\/cms\/wp-json\/wp\/v2\/pages"}],"about":[{"href":"https:\/\/www.ttf.at\/cms\/wp-json\/wp\/v2\/types\/page"}],"author":[{"embeddable":true,"href":"https:\/\/www.ttf.at\/cms\/wp-json\/wp\/v2\/users\/1"}],"replies":[{"embeddable":true,"href":"https:\/\/www.ttf.at\/cms\/wp-json\/wp\/v2\/comments?post=1395"}],"version-history":[{"count":96,"href":"https:\/\/www.ttf.at\/cms\/wp-json\/wp\/v2\/pages\/1395\/revisions"}],"predecessor-version":[{"id":14512,"href":"https:\/\/www.ttf.at\/cms\/wp-json\/wp\/v2\/pages\/1395\/revisions\/14512"}],"wp:attachment":[{"href":"https:\/\/www.ttf.at\/cms\/wp-json\/wp\/v2\/media?parent=1395"}],"curies":[{"name":"wp","href":"https:\/\/api.w.org\/{rel}","templated":true}]}}