{"id":632,"date":"2017-02-02T14:27:30","date_gmt":"2017-02-02T14:27:30","guid":{"rendered":"http:\/\/test.kriesi.at\/enfold-2017\/?page_id=632"},"modified":"2026-03-17T11:43:45","modified_gmt":"2026-03-17T10:43:45","slug":"contact","status":"publish","type":"page","link":"https:\/\/www.ttf.at\/cms\/contact\/","title":{"rendered":"Kontakt"},"content":{"rendered":"\n<style type=\"text\/css\" data-created_by=\"avia_inline_auto\" id=\"style-css-av-jkialypf-8fd45ab82fcb8ae4fde7858655f06919\">\n.avia-section.av-jkialypf-8fd45ab82fcb8ae4fde7858655f06919{\nbackground-color:#3d3d3d;\nbackground-image:unset;\n}\n<\/style>\n<div id='av_section_1'  class='avia-section av-jkialypf-8fd45ab82fcb8ae4fde7858655f06919 main_color avia-section-default avia-no-border-styling  avia-builder-el-0  el_before_av_one_half  avia-builder-el-first  avia-bg-style-scroll container_wrap fullsize'  ><div class='container av-section-cont-open' ><main  role=\"main\" itemprop=\"mainContentOfPage\"  class='template-page content  av-content-full alpha units'><div class='post-entry post-entry-type-page post-entry-632'><div class='entry-content-wrapper clearfix'>\n\n<style type=\"text\/css\" data-created_by=\"avia_inline_auto\" id=\"style-css-av-jmaoka6k-564bdeade8bcc3d9ca350e801f567160\">\n.av_font_icon.av-jmaoka6k-564bdeade8bcc3d9ca350e801f567160 .av-icon-char{\nfont-size:40px;\nline-height:40px;\n}\n<\/style>\n<span  class='av_font_icon av-jmaoka6k-564bdeade8bcc3d9ca350e801f567160 avia_animate_when_visible av-icon-style- avia-icon-pos-left avia-iconfont avia-font-entypo-fontello av-no-color avia-icon-animate'><span class='av-icon-char' data-av_icon='\ue854' data-av_iconfont='entypo-fontello' aria-hidden=\"true\" ><\/span><\/span>\n\n<style type=\"text\/css\" data-created_by=\"avia_inline_auto\" id=\"style-css-av-8el8g-40626b827b6160afc1ddefb71c7841b1\">\n#top .av-special-heading.av-8el8g-40626b827b6160afc1ddefb71c7841b1{\npadding-bottom:10px;\ncolor:#ffffff;\nfont-size:40px;\n}\nbody .av-special-heading.av-8el8g-40626b827b6160afc1ddefb71c7841b1 .av-special-heading-tag .heading-char{\nfont-size:25px;\n}\n#top #wrap_all .av-special-heading.av-8el8g-40626b827b6160afc1ddefb71c7841b1 .av-special-heading-tag{\nfont-size:40px;\n}\n.av-special-heading.av-8el8g-40626b827b6160afc1ddefb71c7841b1 .special-heading-inner-border{\nborder-color:#ffffff;\n}\n.av-special-heading.av-8el8g-40626b827b6160afc1ddefb71c7841b1 .av-subheading{\nfont-size:15px;\n}\n\n@media only screen and (min-width: 480px) and (max-width: 767px){ \n#top #wrap_all .av-special-heading.av-8el8g-40626b827b6160afc1ddefb71c7841b1 .av-special-heading-tag{\nfont-size:0.8em;\n}\n}\n\n@media only screen and (max-width: 479px){ \n#top #wrap_all .av-special-heading.av-8el8g-40626b827b6160afc1ddefb71c7841b1 .av-special-heading-tag{\nfont-size:0.8em;\n}\n}\n<\/style>\n<div  class='av-special-heading av-8el8g-40626b827b6160afc1ddefb71c7841b1 av-special-heading-h2 custom-color-heading blockquote modern-quote  avia-builder-el-2  el_after_av_font_icon  el_before_av_textblock  av-inherit-size'><h2 class='av-special-heading-tag '  itemprop=\"headline\"  >Kontakt<\/h2><div class=\"special-heading-border\"><div class=\"special-heading-inner-border\"><\/div><\/div><\/div>\n\n<style type=\"text\/css\" data-created_by=\"avia_inline_auto\" id=\"style-css-av-khiqld90-91ff67cdf855a9dcdfceb1c60f7f0857\">\n#top .av_textblock_section.av-khiqld90-91ff67cdf855a9dcdfceb1c60f7f0857 .avia_textblock{\ncolor:#ffffff;\n}\n<\/style>\n<section  class='av_textblock_section av-khiqld90-91ff67cdf855a9dcdfceb1c60f7f0857 '   itemscope=\"itemscope\" itemtype=\"https:\/\/schema.org\/CreativeWork\" ><div class='avia_textblock av_inherit_color'  itemprop=\"text\" ><p style=\"text-align: left;\"><b>Sie wollen einen Beratungstermin buchen?<br \/>\nKlicken Sie hier:<\/b><\/p>\n<p style=\"text-align: left;\"><strong><a href=\"http:\/\/www.ttf.at\/cms\/?page_id=6880\">BERATUNGSTERMIN<\/a><\/strong><\/p>\n<div class=\"av-special-heading av-special-heading-h2 custom-color-heading blockquote modern-quote modern-centered avia-builder-el-2 el_before_av_textblock avia-builder-el-first \"><\/div>\n<\/div><\/section>\n<\/div><\/div><\/main><!-- close content main element --><\/div><\/div><div id='after_section_1'  class='main_color av_default_container_wrap container_wrap fullsize'  ><div class='container av-section-cont-open' ><div class='template-page content  av-content-full alpha units'><div class='post-entry post-entry-type-page post-entry-632'><div class='entry-content-wrapper clearfix'>\n\n<style type=\"text\/css\" data-created_by=\"avia_inline_auto\" id=\"style-css-av-jfuxk-d06e9fdd2dd956da273605ea1e473bcc\">\n.flex_column.av-jfuxk-d06e9fdd2dd956da273605ea1e473bcc{\nborder-radius:0px 0px 0px 0px;\npadding:0px 0px 0px 0px;\n}\n<\/style>\n<div  class='flex_column av-jfuxk-d06e9fdd2dd956da273605ea1e473bcc av_one_half  avia-builder-el-4  el_after_av_section  el_before_av_one_half  avia-builder-el-first  first flex_column_div av-zero-column-padding  '     ><style type=\"text\/css\" data-created_by=\"avia_inline_auto\" id=\"style-css-av-mmuhgm8c-15b323fe304b9eea952491a45cf6794b\">\n.avia-image-container.av-mmuhgm8c-15b323fe304b9eea952491a45cf6794b img.avia_image{\nbox-shadow:none;\n}\n.avia-image-container.av-mmuhgm8c-15b323fe304b9eea952491a45cf6794b .av-image-caption-overlay-center{\ncolor:#ffffff;\n}\n<\/style>\n<div  class='avia-image-container av-mmuhgm8c-15b323fe304b9eea952491a45cf6794b av-styling- avia-align-center  avia-builder-el-5  avia-builder-el-no-sibling '   itemprop=\"image\" itemscope=\"itemscope\" itemtype=\"https:\/\/schema.org\/ImageObject\" ><div class=\"avia-image-container-inner\"><div class=\"avia-image-overlay-wrap\"><img decoding=\"async\" fetchpriority=\"high\" class='wp-image-14492 avia-img-lazy-loading-not-14492 avia_image ' src=\"https:\/\/www.ttf.at\/cms\/wp-content\/uploads\/2026\/03\/Innendienst-Team2-1-scaled.jpg\" alt='' title='Team Innendienst'  height=\"1707\" width=\"2560\"  itemprop=\"thumbnailUrl\" srcset=\"https:\/\/www.ttf.at\/cms\/wp-content\/uploads\/2026\/03\/Innendienst-Team2-1-scaled.jpg 2560w, https:\/\/www.ttf.at\/cms\/wp-content\/uploads\/2026\/03\/Innendienst-Team2-1-300x200.jpg 300w, https:\/\/www.ttf.at\/cms\/wp-content\/uploads\/2026\/03\/Innendienst-Team2-1-1030x687.jpg 1030w, https:\/\/www.ttf.at\/cms\/wp-content\/uploads\/2026\/03\/Innendienst-Team2-1-768x512.jpg 768w, https:\/\/www.ttf.at\/cms\/wp-content\/uploads\/2026\/03\/Innendienst-Team2-1-1536x1024.jpg 1536w, https:\/\/www.ttf.at\/cms\/wp-content\/uploads\/2026\/03\/Innendienst-Team2-1-2048x1365.jpg 2048w, https:\/\/www.ttf.at\/cms\/wp-content\/uploads\/2026\/03\/Innendienst-Team2-1-1500x1000.jpg 1500w, https:\/\/www.ttf.at\/cms\/wp-content\/uploads\/2026\/03\/Innendienst-Team2-1-705x470.jpg 705w\" sizes=\"(max-width: 2560px) 100vw, 2560px\" \/><\/div><\/div><\/div><\/div>\n\n<style type=\"text\/css\" data-created_by=\"avia_inline_auto\" id=\"style-css-av-agmcw-0fa790930d65da8509f7f8aecf6a448c\">\n.flex_column.av-agmcw-0fa790930d65da8509f7f8aecf6a448c{\nborder-radius:0px 0px 0px 0px;\npadding:0px 0px 0px 0px;\n}\n<\/style>\n<div  class='flex_column av-agmcw-0fa790930d65da8509f7f8aecf6a448c av_one_half  avia-builder-el-6  el_after_av_one_half  el_before_av_one_full  flex_column_div av-zero-column-padding  '     ><p><div  class='hr av-av_hr-bca31578670ae9d408d6d6d291fc57a6 hr-default  avia-builder-el-7  el_before_av_textblock  avia-builder-el-first '><span class='hr-inner '><span class=\"hr-inner-style\"><\/span><\/span><\/div><br \/>\n\n<style type=\"text\/css\" data-created_by=\"avia_inline_auto\" id=\"style-css-av-1sxqo0-6b15ea23c39589600d7c9f8ff6e24f4a\">\n#top .av_textblock_section.av-1sxqo0-6b15ea23c39589600d7c9f8ff6e24f4a .avia_textblock{\ncolor:#000000;\n}\n<\/style>\n<section  class='av_textblock_section av-1sxqo0-6b15ea23c39589600d7c9f8ff6e24f4a '   itemscope=\"itemscope\" itemtype=\"https:\/\/schema.org\/CreativeWork\" ><div class='avia_textblock av_inherit_color'  itemprop=\"text\" ><p><strong>TTF Frauscher GmbH<\/strong><br \/>\nHarlochnerstra\u00dfe 4b<br \/>\n5230 Mattighofen<\/p>\n<p>Tel.: <a href=\"http:\/\/+43774259259\">+43 (7742) 59 2 59<\/a><br \/>\nMail: <a href=\"office@ttf.at\">office@ttf.at<\/a><\/p>\n<p><strong>Unsere Schauraum-\u00d6ffnungszeiten:<\/strong><\/p>\n<p><strong>MO-FR<\/strong><strong>\u00a0 \u00a0 \u00a0 08.00 &#8211; 12.00<br \/>\nNachmittags gerne nach Terminvereinbarung!<\/strong><\/p>\n<\/div><\/section><\/p><\/div><div  class='flex_column av-6veco-1a86e7ec1bd0f41504ae898ea5e9ec9f av_one_full  avia-builder-el-9  el_after_av_one_half  el_before_av_section  avia-builder-el-last  first flex_column_div  column-top-margin'     ><\/div><\/p>\n<\/div><\/div><\/div><!-- close content main div --><\/div><\/div>\n<style type=\"text\/css\" data-created_by=\"avia_inline_auto\" id=\"style-css-av-5lqu0-34d964e6b59962db008335492c24f2ef\">\n.avia-section.av-5lqu0-34d964e6b59962db008335492c24f2ef{\nbackground-repeat:no-repeat;\nbackground-image:url(https:\/\/www.ttf.at\/cms\/wp-content\/uploads\/2023\/02\/DSC_1469-300x200.jpg);\nbackground-position:50% 50%;\nbackground-attachment:fixed;\n}\n.avia-section.av-5lqu0-34d964e6b59962db008335492c24f2ef .av-section-color-overlay{\nopacity:0.9;\nbackground-color:#35383c;\n}\n<\/style>\n<div id='newsletter'  class='avia-section av-5lqu0-34d964e6b59962db008335492c24f2ef main_color avia-section-huge avia-no-border-styling  avia-builder-el-11  el_after_av_one_full  avia-builder-el-last  avia-full-stretch avia-bg-style-fixed av-section-color-overlay-active container_wrap fullsize'  data-section-bg-repeat='stretch'><div class=\"av-section-color-overlay-wrap\"><div class=\"av-section-color-overlay\"><\/div><div class='container av-section-cont-open' ><div class='template-page content  av-content-full alpha units'><div class='post-entry post-entry-type-page post-entry-632'><div class='entry-content-wrapper clearfix'>\n\n<style type=\"text\/css\" data-created_by=\"avia_inline_auto\" id=\"style-css-av-6sf3k-675a7c66667d3299a613ffd404022c49\">\n#top .av-special-heading.av-6sf3k-675a7c66667d3299a613ffd404022c49{\npadding-bottom:20px;\ncolor:#ffffff;\nfont-size:40px;\n}\nbody .av-special-heading.av-6sf3k-675a7c66667d3299a613ffd404022c49 .av-special-heading-tag .heading-char{\nfont-size:25px;\n}\n#top #wrap_all .av-special-heading.av-6sf3k-675a7c66667d3299a613ffd404022c49 .av-special-heading-tag{\nfont-size:40px;\n}\n.av-special-heading.av-6sf3k-675a7c66667d3299a613ffd404022c49 .special-heading-inner-border{\nborder-color:#ffffff;\n}\n.av-special-heading.av-6sf3k-675a7c66667d3299a613ffd404022c49 .av-subheading{\nfont-size:15px;\n}\n\n@media only screen and (min-width: 480px) and (max-width: 767px){ \n#top #wrap_all .av-special-heading.av-6sf3k-675a7c66667d3299a613ffd404022c49 .av-special-heading-tag{\nfont-size:0.8em;\n}\n}\n\n@media only screen and (max-width: 479px){ \n#top #wrap_all .av-special-heading.av-6sf3k-675a7c66667d3299a613ffd404022c49 .av-special-heading-tag{\nfont-size:0.8em;\n}\n}\n<\/style>\n<div  class='av-special-heading av-6sf3k-675a7c66667d3299a613ffd404022c49 av-special-heading-h1 custom-color-heading blockquote modern-quote modern-centered  avia-builder-el-12  el_before_av_one_fifth  avia-builder-el-first  av-inherit-size'><h1 class='av-special-heading-tag '  itemprop=\"headline\"  >Zustimmung Datenschutz<\/h1><div class=\"special-heading-border\"><div class=\"special-heading-inner-border\"><\/div><\/div><\/div>\n\n<style type=\"text\/css\" data-created_by=\"avia_inline_auto\" id=\"style-css-av-1b7ysg-cc939488f492190ecaacb07a2977b98b\">\n.flex_column.av-1b7ysg-cc939488f492190ecaacb07a2977b98b{\nborder-radius:0px 0px 0px 0px;\npadding:0px 0px 0px 0px;\n}\n<\/style>\n<div  class='flex_column av-1b7ysg-cc939488f492190ecaacb07a2977b98b av_one_fifth  avia-builder-el-13  el_after_av_heading  el_before_av_three_fifth  first flex_column_div av-animated-generic fade-in av-zero-column-padding  '     ><\/div>\n<style type=\"text\/css\" data-created_by=\"avia_inline_auto\" id=\"style-css-av-11ubp4-bc816a838f21800b2e6e1bbf0111ce14\">\n.flex_column.av-11ubp4-bc816a838f21800b2e6e1bbf0111ce14{\nborder-radius:0px 0px 0px 0px;\npadding:0px 0px 0px 0px;\n}\n<\/style>\n<div  class='flex_column av-11ubp4-bc816a838f21800b2e6e1bbf0111ce14 av_three_fifth  avia-builder-el-14  el_after_av_one_fifth  el_before_av_one_fifth  flex_column_div av-animated-generic fade-in av-zero-column-padding  '     ><style type=\"text\/css\" data-created_by=\"avia_inline_auto\" id=\"style-css-av-h3v0g-ad2147bba60e06245a115e78fc7bd1eb\">\n#top .av_textblock_section.av-h3v0g-ad2147bba60e06245a115e78fc7bd1eb .avia_textblock{\ncolor:#cecece;\n}\n<\/style>\n<section  class='av_textblock_section av-h3v0g-ad2147bba60e06245a115e78fc7bd1eb '   itemscope=\"itemscope\" itemtype=\"https:\/\/schema.org\/CreativeWork\" ><div class='avia_textblock av_inherit_color'  itemprop=\"text\" ><p style=\"text-align: center;\">Ich bin damit einverstanden, dass meine Daten an TTF Frauscher GmbH weitergeleitet werden. Wenn Sie per Formular auf unserer Website oder per E-Mail Kontakt mit uns aufnehmen, werden Ihre angegebenen Daten zwecks Bearbeitung der Anfrage oder Gesch\u00e4ftsanbahnung bei uns verwendet und gespeichert. Zweckm\u00e4\u00dfig um ein ordentliches Angebot erstellen zu k\u00f6nnen, werden diese Daten an den zust\u00e4ndigen Zulieferer (z.B. Fensterhersteller) weitergeleitet.<\/p>\n<p style=\"text-align: center;\">Im nachfolgendem PDF informieren wir Sie dar\u00fcber<br \/>\n<a href=\"http:\/\/www.ttf.at\/images\/Datenschutz_TTF.pdf\">TTF Datenschutz<\/a><\/p>\n<\/div><\/section><br \/>\n<div  class='avia-button-wrap av-jkb6aytx-d47a8e6fec47fc84c303218052502cb9-wrap avia-button-center  avia-builder-el-16  el_after_av_textblock  avia-builder-el-last '><a href='http:\/\/www.ttf.at\/cms\/?page_id=638'  class='avia-button av-jkb6aytx-d47a8e6fec47fc84c303218052502cb9 av-link-btn avia-icon_select-yes-left-icon avia-size-small avia-position-center avia-color-theme-color'   aria-label=\"Ja\"><span class='avia_button_icon avia_button_icon_left avia-iconfont avia-font-entypo-fontello' data-av_icon='\ue85c' data-av_iconfont='entypo-fontello' ><\/span><span class='avia_iconbox_title' >Ja<\/span><\/a><\/div><\/p><\/div>\n<style type=\"text\/css\" data-created_by=\"avia_inline_auto\" id=\"style-css-av-yi00-07a3d334cbdb3c9f611915a3d8381f0f\">\n.flex_column.av-yi00-07a3d334cbdb3c9f611915a3d8381f0f{\nborder-radius:0px 0px 0px 0px;\npadding:0px 0px 0px 0px;\n}\n<\/style>\n<div  class='flex_column av-yi00-07a3d334cbdb3c9f611915a3d8381f0f av_one_fifth  avia-builder-el-17  el_after_av_three_fifth  avia-builder-el-last  flex_column_div av-animated-generic fade-in av-zero-column-padding  '     ><\/div>\n\n","protected":false},"excerpt":{"rendered":"","protected":false},"author":1,"featured_media":0,"parent":0,"menu_order":0,"comment_status":"closed","ping_status":"closed","template":"","meta":{"footnotes":""},"class_list":["post-632","page","type-page","status-publish","hentry"],"publishpress_future_action":{"enabled":false,"date":"2026-05-08 22:45:04","action":"change-status","newStatus":"draft","terms":[],"taxonomy":"","extraData":[]},"publishpress_future_workflow_manual_trigger":{"enabledWorkflows":[]},"_links":{"self":[{"href":"https:\/\/www.ttf.at\/cms\/wp-json\/wp\/v2\/pages\/632","targetHints":{"allow":["GET"]}}],"collection":[{"href":"https:\/\/www.ttf.at\/cms\/wp-json\/wp\/v2\/pages"}],"about":[{"href":"https:\/\/www.ttf.at\/cms\/wp-json\/wp\/v2\/types\/page"}],"author":[{"embeddable":true,"href":"https:\/\/www.ttf.at\/cms\/wp-json\/wp\/v2\/users\/1"}],"replies":[{"embeddable":true,"href":"https:\/\/www.ttf.at\/cms\/wp-json\/wp\/v2\/comments?post=632"}],"version-history":[{"count":116,"href":"https:\/\/www.ttf.at\/cms\/wp-json\/wp\/v2\/pages\/632\/revisions"}],"predecessor-version":[{"id":14502,"href":"https:\/\/www.ttf.at\/cms\/wp-json\/wp\/v2\/pages\/632\/revisions\/14502"}],"wp:attachment":[{"href":"https:\/\/www.ttf.at\/cms\/wp-json\/wp\/v2\/media?parent=632"}],"curies":[{"name":"wp","href":"https:\/\/api.w.org\/{rel}","templated":true}]}}