{"id":6880,"date":"2020-05-12T19:19:03","date_gmt":"2020-05-12T17:19:03","guid":{"rendered":"http:\/\/www.ttf.at\/cms\/?page_id=6880"},"modified":"2026-03-17T11:47:16","modified_gmt":"2026-03-17T10:47:16","slug":"beratungstermin-2","status":"publish","type":"page","link":"https:\/\/www.ttf.at\/cms\/beratungstermin-2\/","title":{"rendered":"Beratungstermin"},"content":{"rendered":"\n<style type=\"text\/css\" data-created_by=\"avia_inline_auto\" id=\"style-css-av-dn4m80-c5ed7f2738e9b236f859ce3ef7cee42f\">\n.flex_column.av-dn4m80-c5ed7f2738e9b236f859ce3ef7cee42f{\nborder-radius:0px 0px 0px 0px;\npadding:0px 0px 0px 0px;\nbackground-color:#353535;\n}\n<\/style>\n<div  class='flex_column av-dn4m80-c5ed7f2738e9b236f859ce3ef7cee42f av_one_full  avia-builder-el-0  el_before_av_one_half  avia-builder-el-first  first flex_column_div av-zero-column-padding avia-full-contain  '     ><p><div  class='hr av-3v7pz4-5a4d16e23be456e2525b0b7106e38a6e hr-default  avia-builder-el-1  el_before_av_heading  avia-builder-el-first '><span class='hr-inner '><span class=\"hr-inner-style\"><\/span><\/span><\/div><br \/>\n\n<style type=\"text\/css\" data-created_by=\"avia_inline_auto\" id=\"style-css-av-3oavn4-cbe82f877dff7245bf09702c928a40b1\">\n#top .av-special-heading.av-3oavn4-cbe82f877dff7245bf09702c928a40b1{\npadding-bottom:10px;\ncolor:#ffffff;\n}\nbody .av-special-heading.av-3oavn4-cbe82f877dff7245bf09702c928a40b1 .av-special-heading-tag .heading-char{\nfont-size:25px;\n}\n.av-special-heading.av-3oavn4-cbe82f877dff7245bf09702c928a40b1 .special-heading-inner-border{\nborder-color:#ffffff;\n}\n.av-special-heading.av-3oavn4-cbe82f877dff7245bf09702c928a40b1 .av-subheading{\nfont-size:15px;\n}\n<\/style>\n<div  class='av-special-heading av-3oavn4-cbe82f877dff7245bf09702c928a40b1 av-special-heading-h2 custom-color-heading blockquote modern-quote modern-centered  avia-builder-el-2  el_after_av_hr  el_before_av_textblock '><h2 class='av-special-heading-tag '  itemprop=\"headline\"  >Beratungstermin<\/h2><div class=\"special-heading-border\"><div class=\"special-heading-inner-border\"><\/div><\/div><\/div><br \/>\n\n<style type=\"text\/css\" data-created_by=\"avia_inline_auto\" id=\"style-css-av-ka47dgyx-f757de66352e467079b8e9d66ff2b7b7\">\n#top .av_textblock_section.av-ka47dgyx-f757de66352e467079b8e9d66ff2b7b7 .avia_textblock{\ncolor:#ffffff;\n}\n<\/style>\n<section  class='av_textblock_section av-ka47dgyx-f757de66352e467079b8e9d66ff2b7b7 '   itemscope=\"itemscope\" itemtype=\"https:\/\/schema.org\/CreativeWork\" ><div class='avia_textblock av_inherit_color'  itemprop=\"text\" ><div class=\"av-special-heading av-special-heading-h1 custom-color-heading blockquote modern-quote modern-centered avia-builder-el-8 el_before_av_one_fifth avia-builder-el-first av-inherit-size \">\n<p class=\"av-special-heading-tag \" style=\"text-align: center;\"><span style=\"font-size: 16px;\">Wir freuen uns, dass Sie sich f\u00fcr eine Beratung bei uns vor Ort entschieden haben. Damit wir diese auf Ihre W\u00fcnsche und M\u00f6glichkeiten der Tages und Uhrzeit etc. vorbereiten k\u00f6nnen, bitten wir Sie nachfolgend ein paar Felder aus zu f\u00fcllen. Wir melden uns in K\u00fcrze!<\/span><\/p>\n<\/div>\n<div class=\"flex_column av_three_fifth av-animated-generic fade-in flex_column_div av-zero-column-padding avia-builder-el-10 el_after_av_one_fifth el_before_av_one_fifth avia_start_animation avia_start_delayed_animation\">\n<section class=\"av_textblock_section \">\n<div class=\"avia_textblock av_inherit_color \">\n<h4 style=\"text-align: center;\"><\/h4>\n<\/div>\n<\/section>\n<\/div>\n<\/div><\/section><br \/>\n<div  class='hr av-1xdsfk-dda4dff98558d3fdc509e861218c7517 hr-default  avia-builder-el-4  el_after_av_textblock  avia-builder-el-last '><span class='hr-inner '><span class=\"hr-inner-style\"><\/span><\/span><\/div><\/p><\/div>\n\n<style type=\"text\/css\" data-created_by=\"avia_inline_auto\" id=\"style-css-av-dgscmo-1aa801be45e7e99859f4f82abad2637f\">\n.flex_column.av-dgscmo-1aa801be45e7e99859f4f82abad2637f{\nborder-radius:0px 0px 0px 0px;\npadding:0px 0px 0px 0px;\n}\n<\/style>\n<div  class='flex_column av-dgscmo-1aa801be45e7e99859f4f82abad2637f av_one_half  avia-builder-el-5  el_after_av_one_full  el_before_av_one_half  first flex_column_div av-zero-column-padding  column-top-margin'     ><form action=\"https:\/\/www.ttf.at\/cms\/beratungstermin-2\/\" method=\"post\" data-fields-with-error=\"Fehler wurden in folgenden Feld(ern) gefunden:\" class=\"avia_ajax_form av-form-labels-visible   avia-builder-el-6  avia-builder-el-no-sibling  av-custom-form-color av-dark-form \" data-avia-form-id=\"1\" data-avia-redirect='' ><fieldset><p class='  first_form  form_element form_fullwidth' id='element_avia_1_1'><label for=\"avia_1_1\">Name <abbr class=\"required\" title=\"ben\u00f6tigt\">*<\/abbr><\/label> <input name=\"avia_1_1\" class=\"text_input is_empty\" type=\"text\" id=\"avia_1_1\" value=\"\" \/><\/p><p class='  first_form  form_element form_fullwidth' id='element_avia_2_1'><label for=\"avia_2_1\">Adresse <abbr class=\"required\" title=\"ben\u00f6tigt\">*<\/abbr><\/label> <input name=\"avia_2_1\" class=\"text_input is_empty\" type=\"text\" id=\"avia_2_1\" value=\"\" \/><\/p><p class='  first_form  form_element form_fullwidth' id='element_avia_3_1'><label for=\"avia_3_1\">meine Telefonnummer <abbr class=\"required\" title=\"ben\u00f6tigt\">*<\/abbr><\/label> <input name=\"avia_3_1\" class=\"text_input is_phone\" type=\"text\" id=\"avia_3_1\" value=\"\" \/><\/p><p class='  first_form  form_element form_fullwidth' id='element_avia_4_1'><label for=\"avia_4_1\">meine E-Mail Adresse <abbr class=\"required\" title=\"ben\u00f6tigt\">*<\/abbr><\/label> <input name=\"avia_4_1\" class=\"text_input is_email\" type=\"text\" id=\"avia_4_1\" value=\"\" \/><\/p><p class='  first_form  form_element form_fullwidth' id='element_avia_5_1'><label for=\"avia_5_1\">Ich brauche einen Beratungstermin f\u00fcr <abbr class=\"required\" title=\"ben\u00f6tigt\">*<\/abbr><\/label><select multiple name=\"avia_5_1\" class=\"select is_empty av-multi-select\" id=\"avia_5_1\"><option   value='Neubau eines Hauses'>Neubau eines Hauses<\/option><option   value='Sanierung eines Hauses'>Sanierung eines Hauses<\/option><option   value='Fenster'>Fenster<\/option><option   value='Haust\u00fcren'>Haust\u00fcren<\/option><option   value='Tore'>Tore<\/option><option   value='Sonnenschutz'>Sonnenschutz<\/option><option   value='Insektenschutz'>Insektenschutz<\/option><option   value='Markisen'>Markisen<\/option><option   value='Terrassen\u00fcberdachungen'>Terrassen\u00fcberdachungen<\/option><option   value='WInd- und Wetterschutz'>WInd- und Wetterschutz<\/option><option   value='Z\u00e4une'>Z\u00e4une<\/option><option   value='Balkone'>Balkone<\/option><option   value='Fensterb\u00e4nke'>Fensterb\u00e4nke<\/option><option   value='Brandschutzt\u00fcren'>Brandschutzt\u00fcren<\/option><option   value='Brandschutztore'>Brandschutztore<\/option><option   value='Sturm- und Hagelschaden'>Sturm- und Hagelschaden<\/option><\/select><\/p><p class='  first_form  form_element form_fullwidth' id='element_avia_6_1'><label for=\"avia_6_1\">Am Besten habe ich Zeit (an welchen Tagen, Uhrzeit) <abbr class=\"required\" title=\"ben\u00f6tigt\">*<\/abbr><\/label> <input name=\"avia_6_1\" class=\"text_input is_empty\" type=\"text\" id=\"avia_6_1\" value=\"\" \/><\/p><p class='  first_form  form_element form_fullwidth' id='element_avia_7_1'><label for=\"avia_7_1\">Ich bin bereits Kunde und\/oder m\u00f6chte zu einem bestimmten Verk\u00e4ufer <abbr class=\"required\" title=\"ben\u00f6tigt\">*<\/abbr><\/label><select multiple name=\"avia_7_1\" class=\"select is_empty av-multi-select\" id=\"avia_7_1\"><option   value='Ich bin noch kein Kunde'>Ich bin noch kein Kunde<\/option><option   value='Eduard Mairleitner'>Eduard Mairleitner<\/option><option   value='Sebastian Rothbauer'>Sebastian Rothbauer<\/option><option   value='Jacqueline Stempfer'>Jacqueline Stempfer<\/option><option   value='Reinhard Frauscher'>Reinhard Frauscher<\/option><\/select><\/p><p class='  first_form  form_element form_fullwidth av-last-visible-form-element' id='element_avia_8_1'><input  name=\"avia_8_1\" class=\"input_checkbox is_empty\" type=\"checkbox\" id=\"avia_8_1\" value=\"true\"\/><label class=\"input_checkbox_label\" for=\"avia_8_1\">Ich habe die Datenschutzbestimmungen gelesen und akzeptiert <abbr class=\"required\" title=\"ben\u00f6tigt\">*<\/abbr><\/label><\/p><p class=\"hidden\"><input type=\"text\" name=\"avia_9_1\" class=\"hidden \" id=\"avia_9_1\" value=\"\" \/><\/p><p class=\"form_element \"><input type=\"hidden\" value=\"1\" name=\"avia_generated_form1\" \/><input type=\"submit\" value=\"Senden\" class=\"button\"  data-sending-label=\"Sende\"\/><\/p><\/fieldset><\/form><div id=\"ajaxresponse_1\" class=\"ajaxresponse ajaxresponse_1 hidden\"><\/div><\/div>\n\n<style type=\"text\/css\" data-created_by=\"avia_inline_auto\" id=\"style-css-av-d43e0g-c00bc6ab31dd0d2d4b48de26cbc49ee9\">\n.flex_column.av-d43e0g-c00bc6ab31dd0d2d4b48de26cbc49ee9{\nborder-radius:0px 0px 0px 0px;\npadding:0px 0px 0px 0px;\n}\n<\/style>\n<div  class='flex_column av-d43e0g-c00bc6ab31dd0d2d4b48de26cbc49ee9 av_one_half  avia-builder-el-7  el_after_av_one_half  el_before_av_one_full  flex_column_div av-zero-column-padding  column-top-margin'     ><section  class='av_textblock_section av-kamaueok-0176e8880c8050250ce28a0e9fb22a0a '   itemscope=\"itemscope\" itemtype=\"https:\/\/schema.org\/CreativeWork\" ><div class='avia_textblock'  itemprop=\"text\" ><p style=\"text-align: center;\">Bl\u00e4ttern Sie durch unsere Verkaufsberater<\/p>\n<\/div><\/section><br \/>\n<div  class='avia-slideshow av-ka54w03y-f4ee3b2d9930db6eb2d018a610e64602 avia-slideshow-no scaling av_slideshow avia-slide-slider  avia-builder-el-9  el_after_av_textblock  avia-builder-el-last  av-slideshow-ui av-control-default av-slideshow-manual av-loop-once av-loop-manual-endless av-default-height-applied avia-slideshow-1' data-slideshow-options=\"{&quot;animation&quot;:&quot;slide&quot;,&quot;autoplay&quot;:false,&quot;loop_autoplay&quot;:&quot;once&quot;,&quot;interval&quot;:5,&quot;loop_manual&quot;:&quot;manual-endless&quot;,&quot;autoplay_stopper&quot;:false,&quot;noNavigation&quot;:false,&quot;bg_slider&quot;:false,&quot;keep_padding&quot;:false,&quot;hoverpause&quot;:false,&quot;show_slide_delay&quot;:0}\"  itemprop=\"image\" itemscope=\"itemscope\" itemtype=\"https:\/\/schema.org\/ImageObject\" ><ul class='avia-slideshow-inner ' style='padding-bottom: 149.97070884593%;'><li  class='avia-slideshow-slide av-ka54w03y-f4ee3b2d9930db6eb2d018a610e64602__0  slide-1 slide-odd'><div data-rel='slideshow-1' class='avia-slide-wrap '   ><div class='av-slideshow-caption av-ka54w03y-f4ee3b2d9930db6eb2d018a610e64602__0 avia-caption'><div class=\"avia-inner-caption\"><h2 class='avia-caption-title '  itemprop=\"name\" >Eduard Mairleitner<\/h2><\/div><\/div><img decoding=\"async\" fetchpriority=\"high\" class=\"wp-image-10078 avia-img-lazy-loading-not-10078\"  src=\"https:\/\/www.ttf.at\/cms\/wp-content\/uploads\/2023\/03\/Eduard-Mairleitner-scaled.jpg\" width=\"1707\" height=\"2560\" title='Eduard Mairleitner' alt=''  itemprop=\"thumbnailUrl\" srcset=\"https:\/\/www.ttf.at\/cms\/wp-content\/uploads\/2023\/03\/Eduard-Mairleitner-scaled.jpg 1707w, https:\/\/www.ttf.at\/cms\/wp-content\/uploads\/2023\/03\/Eduard-Mairleitner-200x300.jpg 200w, https:\/\/www.ttf.at\/cms\/wp-content\/uploads\/2023\/03\/Eduard-Mairleitner-687x1030.jpg 687w, https:\/\/www.ttf.at\/cms\/wp-content\/uploads\/2023\/03\/Eduard-Mairleitner-768x1152.jpg 768w, https:\/\/www.ttf.at\/cms\/wp-content\/uploads\/2023\/03\/Eduard-Mairleitner-1024x1536.jpg 1024w, https:\/\/www.ttf.at\/cms\/wp-content\/uploads\/2023\/03\/Eduard-Mairleitner-1365x2048.jpg 1365w, https:\/\/www.ttf.at\/cms\/wp-content\/uploads\/2023\/03\/Eduard-Mairleitner-1000x1500.jpg 1000w, https:\/\/www.ttf.at\/cms\/wp-content\/uploads\/2023\/03\/Eduard-Mairleitner-470x705.jpg 470w\" sizes=\"(max-width: 1707px) 100vw, 1707px\" \/><\/div><\/li><li  class='avia-slideshow-slide av-ka54w03y-f4ee3b2d9930db6eb2d018a610e64602__1  slide-2 slide-even'><div data-rel='slideshow-1' class='avia-slide-wrap '   ><div class='av-slideshow-caption av-ka54w03y-f4ee3b2d9930db6eb2d018a610e64602__1 avia-caption'><div class=\"avia-inner-caption\"><h2 class='avia-caption-title '  itemprop=\"name\" >Sebastian Rothbauer<\/h2><\/div><\/div><img decoding=\"async\" fetchpriority=\"high\" class=\"wp-image-10081 avia-img-lazy-loading-not-10081\"  src=\"https:\/\/www.ttf.at\/cms\/wp-content\/uploads\/2023\/03\/Sebastian-Rothbauer-scaled.jpg\" width=\"1707\" height=\"2560\" title='Sebastian Rothbauer' alt=''  itemprop=\"thumbnailUrl\" srcset=\"https:\/\/www.ttf.at\/cms\/wp-content\/uploads\/2023\/03\/Sebastian-Rothbauer-scaled.jpg 1707w, https:\/\/www.ttf.at\/cms\/wp-content\/uploads\/2023\/03\/Sebastian-Rothbauer-200x300.jpg 200w, https:\/\/www.ttf.at\/cms\/wp-content\/uploads\/2023\/03\/Sebastian-Rothbauer-687x1030.jpg 687w, https:\/\/www.ttf.at\/cms\/wp-content\/uploads\/2023\/03\/Sebastian-Rothbauer-768x1152.jpg 768w, https:\/\/www.ttf.at\/cms\/wp-content\/uploads\/2023\/03\/Sebastian-Rothbauer-1024x1536.jpg 1024w, https:\/\/www.ttf.at\/cms\/wp-content\/uploads\/2023\/03\/Sebastian-Rothbauer-1365x2048.jpg 1365w, https:\/\/www.ttf.at\/cms\/wp-content\/uploads\/2023\/03\/Sebastian-Rothbauer-1000x1500.jpg 1000w, https:\/\/www.ttf.at\/cms\/wp-content\/uploads\/2023\/03\/Sebastian-Rothbauer-470x705.jpg 470w\" sizes=\"(max-width: 1707px) 100vw, 1707px\" \/><\/div><\/li><li  class='avia-slideshow-slide av-ka54w03y-f4ee3b2d9930db6eb2d018a610e64602__2  slide-3 slide-odd'><div data-rel='slideshow-1' class='avia-slide-wrap '   ><div class='av-slideshow-caption av-ka54w03y-f4ee3b2d9930db6eb2d018a610e64602__2 avia-caption'><div class=\"avia-inner-caption\"><h2 class='avia-caption-title '  itemprop=\"name\" >Jacqueline Stempfer<\/h2><\/div><\/div><img decoding=\"async\" fetchpriority=\"high\" class=\"wp-image-14506 avia-img-lazy-loading-not-14506\"  src=\"https:\/\/www.ttf.at\/cms\/wp-content\/uploads\/2026\/03\/Z09_1904-Bearbeitet-1-scaled.jpg\" width=\"1707\" height=\"2560\" title='Z09_1904-Bearbeitet' alt=''  itemprop=\"thumbnailUrl\" srcset=\"https:\/\/www.ttf.at\/cms\/wp-content\/uploads\/2026\/03\/Z09_1904-Bearbeitet-1-scaled.jpg 1707w, https:\/\/www.ttf.at\/cms\/wp-content\/uploads\/2026\/03\/Z09_1904-Bearbeitet-1-200x300.jpg 200w, https:\/\/www.ttf.at\/cms\/wp-content\/uploads\/2026\/03\/Z09_1904-Bearbeitet-1-687x1030.jpg 687w, https:\/\/www.ttf.at\/cms\/wp-content\/uploads\/2026\/03\/Z09_1904-Bearbeitet-1-768x1152.jpg 768w, https:\/\/www.ttf.at\/cms\/wp-content\/uploads\/2026\/03\/Z09_1904-Bearbeitet-1-1024x1536.jpg 1024w, https:\/\/www.ttf.at\/cms\/wp-content\/uploads\/2026\/03\/Z09_1904-Bearbeitet-1-1365x2048.jpg 1365w, https:\/\/www.ttf.at\/cms\/wp-content\/uploads\/2026\/03\/Z09_1904-Bearbeitet-1-1000x1500.jpg 1000w, https:\/\/www.ttf.at\/cms\/wp-content\/uploads\/2026\/03\/Z09_1904-Bearbeitet-1-470x705.jpg 470w\" sizes=\"(max-width: 1707px) 100vw, 1707px\" \/><\/div><\/li><li  class='avia-slideshow-slide av-ka54w03y-f4ee3b2d9930db6eb2d018a610e64602__3  slide-4 slide-even'><div data-rel='slideshow-1' class='avia-slide-wrap '   ><div class='av-slideshow-caption av-ka54w03y-f4ee3b2d9930db6eb2d018a610e64602__3 avia-caption'><div class=\"avia-inner-caption\"><h2 class='avia-caption-title '  itemprop=\"name\" >Reinhard Frauscher<\/h2><\/div><\/div><img decoding=\"async\" fetchpriority=\"high\" class=\"wp-image-10080 avia-img-lazy-loading-not-10080\"  src=\"https:\/\/www.ttf.at\/cms\/wp-content\/uploads\/2023\/03\/Reinhard-Frauscher.jpg\" width=\"5504\" height=\"8256\" title='Reinhard Frauscher' alt=''  itemprop=\"thumbnailUrl\" srcset=\"https:\/\/www.ttf.at\/cms\/wp-content\/uploads\/2023\/03\/Reinhard-Frauscher.jpg 5504w, https:\/\/www.ttf.at\/cms\/wp-content\/uploads\/2023\/03\/Reinhard-Frauscher-200x300.jpg 200w, https:\/\/www.ttf.at\/cms\/wp-content\/uploads\/2023\/03\/Reinhard-Frauscher-687x1030.jpg 687w\" sizes=\"(max-width: 5504px) 100vw, 5504px\" \/><\/div><\/li><\/ul><div class='avia-slideshow-arrows avia-slideshow-controls' ><a href='#prev' class='prev-slide  avia-svg-icon avia-font-svg_entypo-fontello' data-av_svg_icon='left-open-big' data-av_iconset='svg_entypo-fontello' tabindex='-1' title=\"Zur\u00fcck\"><svg version=\"1.1\" xmlns=\"http:\/\/www.w3.org\/2000\/svg\" width=\"15\" height=\"32\" viewBox=\"0 0 15 32\" preserveAspectRatio=\"xMidYMid meet\" aria-labelledby='av-svg-title-1' aria-describedby='av-svg-desc-1' role=\"graphics-symbol\" aria-hidden=\"true\">\n<title id='av-svg-title-1'>Zur\u00fcck<\/title>\n<desc id='av-svg-desc-1'>Zur\u00fcck<\/desc>\n<path d=\"M14.464 27.84q0.832 0.832 0 1.536-0.832 0.832-1.536 0l-12.544-12.608q-0.768-0.768 0-1.6l12.544-12.608q0.704-0.832 1.536 0 0.832 0.704 0 1.536l-11.456 11.904z\"><\/path>\n<\/svg><span class='avia_hidden_link_text'>Zur\u00fcck<\/span><\/a><a href='#next' class='next-slide  avia-svg-icon avia-font-svg_entypo-fontello' data-av_svg_icon='right-open-big' data-av_iconset='svg_entypo-fontello' tabindex='-1' title=\"Weiter\"><svg version=\"1.1\" xmlns=\"http:\/\/www.w3.org\/2000\/svg\" width=\"15\" height=\"32\" viewBox=\"0 0 15 32\" preserveAspectRatio=\"xMidYMid meet\" aria-labelledby='av-svg-title-2' aria-describedby='av-svg-desc-2' role=\"graphics-symbol\" aria-hidden=\"true\">\n<title id='av-svg-title-2'>Weiter<\/title>\n<desc id='av-svg-desc-2'>Weiter<\/desc>\n<path d=\"M0.416 27.84l11.456-11.84-11.456-11.904q-0.832-0.832 0-1.536 0.832-0.832 1.536 0l12.544 12.608q0.768 0.832 0 1.6l-12.544 12.608q-0.704 0.832-1.536 0-0.832-0.704 0-1.536z\"><\/path>\n<\/svg><span class='avia_hidden_link_text'>Weiter<\/span><\/a><\/div><div class='avia-slideshow-dots avia-slideshow-controls'><a href='#1' class='goto-slide active' >1<\/a><a href='#2' class='goto-slide ' >2<\/a><a href='#3' class='goto-slide ' >3<\/a><a href='#4' class='goto-slide ' >4<\/a><\/div><\/div><\/p><\/div>\n<style type=\"text\/css\" data-created_by=\"avia_inline_auto\" id=\"style-css-av-dn4m80-3-2447388e74d719b238bb3669de627e5b\">\n.flex_column.av-dn4m80-3-2447388e74d719b238bb3669de627e5b{\nborder-radius:0px 0px 0px 0px;\npadding:0px 0px 0px 0px;\nbackground-color:#353535;\n}\n<\/style>\n<div  class='flex_column av-dn4m80-3-2447388e74d719b238bb3669de627e5b av_one_full  avia-builder-el-10  el_after_av_one_half  avia-builder-el-last  first flex_column_div av-zero-column-padding  column-top-margin'     ><p><div  class='hr av-68la4g-760d4506d79d24906082c699083b0488 hr-default  avia-builder-el-11  el_before_av_heading  avia-builder-el-first '><span class='hr-inner '><span class=\"hr-inner-style\"><\/span><\/span><\/div><br \/>\n\n<style type=\"text\/css\" data-created_by=\"avia_inline_auto\" id=\"style-css-av-22cbwg-03fbdfb5ec255d5ebca4ba762483b581\">\n#top .av-special-heading.av-22cbwg-03fbdfb5ec255d5ebca4ba762483b581{\npadding-bottom:10px;\ncolor:#ffffff;\n}\nbody .av-special-heading.av-22cbwg-03fbdfb5ec255d5ebca4ba762483b581 .av-special-heading-tag .heading-char{\nfont-size:25px;\n}\n.av-special-heading.av-22cbwg-03fbdfb5ec255d5ebca4ba762483b581 .special-heading-inner-border{\nborder-color:#ffffff;\n}\n.av-special-heading.av-22cbwg-03fbdfb5ec255d5ebca4ba762483b581 .av-subheading{\nfont-size:15px;\n}\n<\/style>\n<div  class='av-special-heading av-22cbwg-03fbdfb5ec255d5ebca4ba762483b581 av-special-heading-h2 custom-color-heading blockquote modern-quote modern-centered  avia-builder-el-12  el_after_av_hr  el_before_av_textblock '><h2 class='av-special-heading-tag '  itemprop=\"headline\"  >Zustimmung Datenschutz<\/h2><div class=\"special-heading-border\"><div class=\"special-heading-inner-border\"><\/div><\/div><\/div><br \/>\n\n<style type=\"text\/css\" data-created_by=\"avia_inline_auto\" id=\"style-css-av-ka47dgyx-2-a9be6bc27a810fe5b9fa3f28deb7960a\">\n#top .av_textblock_section.av-ka47dgyx-2-a9be6bc27a810fe5b9fa3f28deb7960a .avia_textblock{\ncolor:#ffffff;\n}\n<\/style>\n<section  class='av_textblock_section av-ka47dgyx-2-a9be6bc27a810fe5b9fa3f28deb7960a '   itemscope=\"itemscope\" itemtype=\"https:\/\/schema.org\/CreativeWork\" ><div class='avia_textblock av_inherit_color'  itemprop=\"text\" ><div class=\"av-special-heading av-special-heading-h1 custom-color-heading blockquote modern-quote modern-centered avia-builder-el-8 el_before_av_one_fifth avia-builder-el-first av-inherit-size \">\n<p style=\"text-align: center;\">Ich bin damit einverstanden, dass meine Daten an TTF Frauscher GmbH weitergeleitet werden. Wenn Sie per Formular auf unserer Website oder per E-Mail Kontakt mit uns aufnehmen, werden Ihre angegebenen Daten zwecks Bearbeitung der Anfrage oder Gesch\u00e4ftsanbahnung bei uns verwendet und gespeichert. Zweckm\u00e4\u00dfig um ein ordentliches Angebot erstellen zu k\u00f6nnen, werden diese Daten an den zust\u00e4ndigen Zulieferer (z.B. Fensterhersteller) weitergeleitet.<\/p>\n<p style=\"text-align: center;\">Im nachfolgendem PDF informieren wir Sie dar\u00fcber<br \/>\n<a href=\"http:\/\/www.ttf.at\/images\/Datenschutz_TTF.pdf\">TTF Datenschutz<\/a><\/p>\n<\/div>\n<div class=\"flex_column av_three_fifth av-animated-generic fade-in flex_column_div av-zero-column-padding avia-builder-el-10 el_after_av_one_fifth el_before_av_one_fifth avia_start_animation avia_start_delayed_animation\">\n<section class=\"av_textblock_section \">\n<div class=\"avia_textblock av_inherit_color \">\n<h4 style=\"text-align: center;\"><\/h4>\n<\/div>\n<\/section>\n<\/div>\n<\/div><\/section><br \/>\n<div  class='hr av-1wl2hc-8f1e642e55b17c912f01208e73bdc7a9 hr-default  avia-builder-el-14  el_after_av_textblock  avia-builder-el-last '><span class='hr-inner '><span class=\"hr-inner-style\"><\/span><\/span><\/div><\/p><\/div><\/p>\n","protected":false},"excerpt":{"rendered":"","protected":false},"author":2,"featured_media":0,"parent":0,"menu_order":0,"comment_status":"closed","ping_status":"closed","template":"","meta":{"footnotes":""},"class_list":["post-6880","page","type-page","status-publish","hentry"],"publishpress_future_action":{"enabled":false,"date":"2026-05-23 01:43:01","action":"change-status","newStatus":"draft","terms":[],"taxonomy":"","extraData":[]},"publishpress_future_workflow_manual_trigger":{"enabledWorkflows":[]},"_links":{"self":[{"href":"https:\/\/www.ttf.at\/cms\/wp-json\/wp\/v2\/pages\/6880","targetHints":{"allow":["GET"]}}],"collection":[{"href":"https:\/\/www.ttf.at\/cms\/wp-json\/wp\/v2\/pages"}],"about":[{"href":"https:\/\/www.ttf.at\/cms\/wp-json\/wp\/v2\/types\/page"}],"author":[{"embeddable":true,"href":"https:\/\/www.ttf.at\/cms\/wp-json\/wp\/v2\/users\/2"}],"replies":[{"embeddable":true,"href":"https:\/\/www.ttf.at\/cms\/wp-json\/wp\/v2\/comments?post=6880"}],"version-history":[{"count":78,"href":"https:\/\/www.ttf.at\/cms\/wp-json\/wp\/v2\/pages\/6880\/revisions"}],"predecessor-version":[{"id":14504,"href":"https:\/\/www.ttf.at\/cms\/wp-json\/wp\/v2\/pages\/6880\/revisions\/14504"}],"wp:attachment":[{"href":"https:\/\/www.ttf.at\/cms\/wp-json\/wp\/v2\/media?parent=6880"}],"curies":[{"name":"wp","href":"https:\/\/api.w.org\/{rel}","templated":true}]}}